{"id":590,"date":"2016-07-11T14:27:40","date_gmt":"2016-07-11T14:27:40","guid":{"rendered":"https:\/\/hilltech.ca\/home\/"},"modified":"2024-11-26T19:09:24","modified_gmt":"2024-11-26T19:09:24","slug":"home","status":"publish","type":"page","link":"https:\/\/hilltech.ca\/fr\/","title":{"rendered":"Accueil"},"content":{"rendered":"<section class=\"wpb-content-wrapper\"><p>[vc_row row_type=\u00a0\u00bbrow\u00a0\u00bb use_row_as_full_screen_section=\u00a0\u00bbno\u00a0\u00bb type=\u00a0\u00bbgrid\u00a0\u00bb angled_section=\u00a0\u00bbno\u00a0\u00bb text_align=\u00a0\u00bbleft\u00a0\u00bb background_image_as_pattern=\u00a0\u00bbwithout_pattern\u00a0\u00bb anchor=\u00a0\u00bbabout\u00a0\u00bb css=\u00a0\u00bb.vc_custom_1678314110432{padding-top: 100px !important;padding-bottom: 50px !important;}\u00a0\u00bb z_index=\u00a0\u00bb\u00a0\u00bb][vc_column][vc_empty_space height=\u00a0\u00bb26px\u00a0\u00bb][vc_column_text]<\/p>\n<h1 style=\"text-align: center;\">Nous concevons vos ar\u00f4mes sur mesure.<\/h1>\n<p>[\/vc_column_text][vc_empty_space height=\u00a0\u00bb11px\u00a0\u00bb][vc_column_text]<\/p>\n<h5 style=\"text-align: center;\">\u00a0Nous cr\u00e9ons des ar\u00f4mes pour diff\u00e9rentes entreprises, notamment dans les secteurs de l&rsquo;alimentation, des boissons, de la confiserie, de la p\u00e2tisserie, des produits pharmaceutiques, de la nutrition animale et de la sant\u00e9 et du bien-\u00eatre.<\/h5>\n<p>[\/vc_column_text][vc_empty_space height=\u00a0\u00bb25px\u00a0\u00bb][vc_row_inner row_type=\u00a0\u00bbrow\u00a0\u00bb type=\u00a0\u00bbgrid\u00a0\u00bb text_align=\u00a0\u00bbleft\u00a0\u00bb css_animation=\u00a0\u00bb\u00a0\u00bb css=\u00a0\u00bb.vc_custom_1678314050846{padding-top: 50px !important;}\u00a0\u00bb][vc_column_inner offset=\u00a0\u00bbvc_col-lg-6 vc_col-md-6&Prime; css=\u00a0\u00bb.vc_custom_1467974263073{padding-right: 2.3% !important;}\u00a0\u00bb][vc_single_image image=\u00a0\u00bb21&Prime; img_size=\u00a0\u00bbfull\u00a0\u00bb qode_css_animation=\u00a0\u00bb\u00a0\u00bb][vc_empty_space height=\u00a0\u00bb21px\u00a0\u00bb][vc_column_text]<\/p>\n<h4 style=\"text-align: center;\">\u00c0 propos de notre usine<\/h4>\n<p>[\/vc_column_text][vc_empty_space height=\u00a0\u00bb3px\u00a0\u00bb][vc_column_text]<\/p>\n<p style=\"text-align: center;\">Hilltech propose des produits certifi\u00e9s casher et a re\u00e7u une licence d&rsquo;exploitation de Sant\u00e9 Canada pour la fabrication de produits de sant\u00e9 naturels. Nos installations ont obtenu une cote d&rsquo;audit de NSF \u00a0\u00bb Gold Standard \u00a0\u00bb pour leurs bonnes pratiques de fabrication et ont re\u00e7u la certification HACCP.<\/p>\n<p>[\/vc_column_text][vc_empty_space height=\u00a0\u00bb40px\u00a0\u00bb][vc_gallery type=\u00a0\u00bbimage_grid\u00a0\u00bb images=\u00a0\u00bb323,324,325,663&Prime; img_size=\u00a0\u00bbfull\u00a0\u00bb onclick=\u00a0\u00bbcustom_link\u00a0\u00bb custom_links_target=\u00a0\u00bb_blank\u00a0\u00bb column_number=\u00a0\u00bb3&Prime; grayscale=\u00a0\u00bbno\u00a0\u00bb images_space=\u00a0\u00bbgallery_without_space\u00a0\u00bb css=\u00a0\u00bb.vc_custom_1732648157304{padding-left: 20px !important;}\u00a0\u00bb][\/vc_column_inner][vc_column_inner offset=\u00a0\u00bbvc_col-lg-6 vc_col-md-6&Prime; css=\u00a0\u00bb.vc_custom_1467974270400{padding-right: 2.3% !important;}\u00a0\u00bb][vc_single_image image=\u00a0\u00bb22&Prime; img_size=\u00a0\u00bbfull\u00a0\u00bb qode_css_animation=\u00a0\u00bb\u00a0\u00bb][vc_empty_space height=\u00a0\u00bb21px\u00a0\u00bb][vc_column_text]<\/p>\n<h4 style=\"text-align: center;\">Secteur d&rsquo;activit\u00e9<\/h4>\n<p>[\/vc_column_text][vc_empty_space height=\u00a0\u00bb3px\u00a0\u00bb][vc_column_text]<\/p>\n<p style=\"text-align: center;\">Hilltech a maintenant plus de 25 ans d&rsquo;exp\u00e9rience en tant que fournisseur mondial d&rsquo;extraits de vanille naturelle, d&rsquo;ol\u00e9or\u00e9sines d&rsquo;\u00e9pices et d&rsquo;huiles essentielles. Nous concevons des ar\u00f4mes sur mesure pour une grande vari\u00e9t\u00e9 d&rsquo;entreprises, notamment dans les secteurs de l&rsquo;alimentation, des boissons, de la confiserie, de la p\u00e2tisserie, des produits pharmaceutiques, de la nutrition animale, de la sant\u00e9 et du bien-\u00eatre. Au fil des ans, l&rsquo;entreprise s&rsquo;est d\u00e9velopp\u00e9e pour devenir une soci\u00e9t\u00e9 \u00e0 multiples facettes. Sur le site, il y a des laboratoires, des zones de traitement ainsi que des installations de ligne de production qui peuvent servir de nombreuses industries.<\/p>\n<p>[\/vc_column_text][\/vc_column_inner][\/vc_row_inner][\/vc_column][\/vc_row][vc_row row_type=\u00a0\u00bbrow\u00a0\u00bb use_row_as_full_screen_section=\u00a0\u00bbno\u00a0\u00bb type=\u00a0\u00bbgrid\u00a0\u00bb angled_section=\u00a0\u00bbno\u00a0\u00bb text_align=\u00a0\u00bbleft\u00a0\u00bb background_image_as_pattern=\u00a0\u00bbwithout_pattern\u00a0\u00bb anchor=\u00a0\u00bbstory\u00a0\u00bb css=\u00a0\u00bb.vc_custom_1680650753782{padding-top: 50px !important;}\u00a0\u00bb z_index=\u00a0\u00bb\u00a0\u00bb el_id=\u00a0\u00bbProducts\u00a0\u00bb][vc_column][vc_widget_sidebar sidebar_id=\u00a0\u00bbNos produits\u00a0\u00bb][\/vc_column][\/vc_row]<\/p>\n<\/section>","protected":false},"excerpt":{"rendered":"<p>[vc_row row_type=\u00a0\u00bbrow\u00a0\u00bb use_row_as_full_screen_section=\u00a0\u00bbno\u00a0\u00bb type=\u00a0\u00bbgrid\u00a0\u00bb angled_section=\u00a0\u00bbno\u00a0\u00bb text_align=\u00a0\u00bbleft\u00a0\u00bb background_image_as_pattern=\u00a0\u00bbwithout_pattern\u00a0\u00bb anchor=\u00a0\u00bbabout\u00a0\u00bb css=\u00a0\u00bb.vc_custom_1678314110432{padding-top: 100px !important;padding-bottom: 50px !important;}\u00a0\u00bb z_index=\u00a0\u00bb\u00a0\u00bb][vc_column][vc_empty_space height=\u00a0\u00bb26px\u00a0\u00bb][vc_column_text] Nous concevons vos ar\u00f4mes sur mesure. [\/vc_column_text][vc_empty_space height=\u00a0\u00bb11px\u00a0\u00bb][vc_column_text] \u00a0Nous cr\u00e9ons des ar\u00f4mes pour diff\u00e9rentes entreprises, notamment dans les secteurs de l&rsquo;alimentation, des boissons, de la confiserie, de la p\u00e2tisserie, des&#8230;<\/p>\n","protected":false},"author":1,"featured_media":0,"parent":0,"menu_order":0,"comment_status":"closed","ping_status":"closed","template":"full_width.php","meta":{"footnotes":""},"class_list":["post-590","page","type-page","status-publish","hentry"],"yoast_head":"<!-- This site is optimized with the Yoast SEO plugin v23.9 - https:\/\/yoast.com\/wordpress\/plugins\/seo\/ -->\n<title>Accueil - Hilltech Canada<\/title>\n<meta name=\"robots\" content=\"index, follow, max-snippet:-1, max-image-preview:large, max-video-preview:-1\" \/>\n<link rel=\"canonical\" href=\"https:\/\/hilltech.ca\/fr\/\" \/>\n<meta property=\"og:locale\" content=\"fr_FR\" \/>\n<meta property=\"og:type\" content=\"article\" \/>\n<meta property=\"og:title\" content=\"Accueil - Hilltech Canada\" \/>\n<meta property=\"og:description\" content=\"[vc_row row_type=\u00a0\u00bbrow\u00a0\u00bb use_row_as_full_screen_section=\u00a0\u00bbno\u00a0\u00bb type=\u00a0\u00bbgrid\u00a0\u00bb angled_section=\u00a0\u00bbno\u00a0\u00bb text_align=\u00a0\u00bbleft\u00a0\u00bb background_image_as_pattern=\u00a0\u00bbwithout_pattern\u00a0\u00bb anchor=\u00a0\u00bbabout\u00a0\u00bb css=\u00a0\u00bb.vc_custom_1678314110432{padding-top: 100px !important;padding-bottom: 50px !important;}\u00a0\u00bb z_index=\u00a0\u00bb\u00a0\u00bb][vc_column][vc_empty_space height=\u00a0\u00bb26px\u00a0\u00bb][vc_column_text] Nous concevons vos ar\u00f4mes sur mesure. [\/vc_column_text][vc_empty_space height=\u00a0\u00bb11px\u00a0\u00bb][vc_column_text] \u00a0Nous cr\u00e9ons des ar\u00f4mes pour diff\u00e9rentes entreprises, notamment dans les secteurs de l&rsquo;alimentation, des boissons, de la confiserie, de la p\u00e2tisserie, des...\" \/>\n<meta property=\"og:url\" content=\"https:\/\/hilltech.ca\/fr\/\" \/>\n<meta property=\"og:site_name\" content=\"Hilltech Canada\" \/>\n<meta property=\"article:modified_time\" content=\"2024-11-26T19:09:24+00:00\" \/>\n<meta name=\"twitter:card\" content=\"summary_large_image\" \/>\n<meta name=\"twitter:label1\" content=\"Dur\u00e9e de lecture estim\u00e9e\" \/>\n\t<meta name=\"twitter:data1\" content=\"3 minutes\" \/>\n<script type=\"application\/ld+json\" class=\"yoast-schema-graph\">{\"@context\":\"https:\/\/schema.org\",\"@graph\":[{\"@type\":\"WebPage\",\"@id\":\"https:\/\/hilltech.ca\/fr\/\",\"url\":\"https:\/\/hilltech.ca\/fr\/\",\"name\":\"Accueil - Hilltech Canada\",\"isPartOf\":{\"@id\":\"https:\/\/hilltech.ca\/#website\"},\"datePublished\":\"2016-07-11T14:27:40+00:00\",\"dateModified\":\"2024-11-26T19:09:24+00:00\",\"breadcrumb\":{\"@id\":\"https:\/\/hilltech.ca\/fr\/#breadcrumb\"},\"inLanguage\":\"fr-FR\",\"potentialAction\":[{\"@type\":\"ReadAction\",\"target\":[\"https:\/\/hilltech.ca\/fr\/\"]}]},{\"@type\":\"BreadcrumbList\",\"@id\":\"https:\/\/hilltech.ca\/fr\/#breadcrumb\",\"itemListElement\":[{\"@type\":\"ListItem\",\"position\":1,\"name\":\"Accueil\",\"item\":\"https:\/\/hilltech.ca\/fr\/\"},{\"@type\":\"ListItem\",\"position\":2,\"name\":\"Accueil\"}]},{\"@type\":\"WebSite\",\"@id\":\"https:\/\/hilltech.ca\/#website\",\"url\":\"https:\/\/hilltech.ca\/\",\"name\":\"Hilltech Canada\",\"description\":\"Essential oils, oleoresin and pure vanilla supplier\",\"publisher\":{\"@id\":\"https:\/\/hilltech.ca\/#organization\"},\"potentialAction\":[{\"@type\":\"SearchAction\",\"target\":{\"@type\":\"EntryPoint\",\"urlTemplate\":\"https:\/\/hilltech.ca\/?s={search_term_string}\"},\"query-input\":{\"@type\":\"PropertyValueSpecification\",\"valueRequired\":true,\"valueName\":\"search_term_string\"}}],\"inLanguage\":\"fr-FR\"},{\"@type\":\"Organization\",\"@id\":\"https:\/\/hilltech.ca\/#organization\",\"name\":\"Hilltech Canada\",\"url\":\"https:\/\/hilltech.ca\/\",\"logo\":{\"@type\":\"ImageObject\",\"inLanguage\":\"fr-FR\",\"@id\":\"https:\/\/hilltech.ca\/#\/schema\/logo\/image\/\",\"url\":\"https:\/\/hilltech.ca\/wp-content\/uploads\/2023\/04\/LOGO-2023-lr.jpg\",\"contentUrl\":\"https:\/\/hilltech.ca\/wp-content\/uploads\/2023\/04\/LOGO-2023-lr.jpg\",\"width\":600,\"height\":137,\"caption\":\"Hilltech Canada\"},\"image\":{\"@id\":\"https:\/\/hilltech.ca\/#\/schema\/logo\/image\/\"}}]}<\/script>\n<!-- \/ Yoast SEO plugin. -->","yoast_head_json":{"title":"Accueil - Hilltech Canada","robots":{"index":"index","follow":"follow","max-snippet":"max-snippet:-1","max-image-preview":"max-image-preview:large","max-video-preview":"max-video-preview:-1"},"canonical":"https:\/\/hilltech.ca\/fr\/","og_locale":"fr_FR","og_type":"article","og_title":"Accueil - Hilltech Canada","og_description":"[vc_row row_type=\u00a0\u00bbrow\u00a0\u00bb use_row_as_full_screen_section=\u00a0\u00bbno\u00a0\u00bb type=\u00a0\u00bbgrid\u00a0\u00bb angled_section=\u00a0\u00bbno\u00a0\u00bb text_align=\u00a0\u00bbleft\u00a0\u00bb background_image_as_pattern=\u00a0\u00bbwithout_pattern\u00a0\u00bb anchor=\u00a0\u00bbabout\u00a0\u00bb css=\u00a0\u00bb.vc_custom_1678314110432{padding-top: 100px !important;padding-bottom: 50px !important;}\u00a0\u00bb z_index=\u00a0\u00bb\u00a0\u00bb][vc_column][vc_empty_space height=\u00a0\u00bb26px\u00a0\u00bb][vc_column_text] Nous concevons vos ar\u00f4mes sur mesure. [\/vc_column_text][vc_empty_space height=\u00a0\u00bb11px\u00a0\u00bb][vc_column_text] \u00a0Nous cr\u00e9ons des ar\u00f4mes pour diff\u00e9rentes entreprises, notamment dans les secteurs de l&rsquo;alimentation, des boissons, de la confiserie, de la p\u00e2tisserie, des...","og_url":"https:\/\/hilltech.ca\/fr\/","og_site_name":"Hilltech Canada","article_modified_time":"2024-11-26T19:09:24+00:00","twitter_card":"summary_large_image","twitter_misc":{"Dur\u00e9e de lecture estim\u00e9e":"3 minutes"},"schema":{"@context":"https:\/\/schema.org","@graph":[{"@type":"WebPage","@id":"https:\/\/hilltech.ca\/fr\/","url":"https:\/\/hilltech.ca\/fr\/","name":"Accueil - Hilltech Canada","isPartOf":{"@id":"https:\/\/hilltech.ca\/#website"},"datePublished":"2016-07-11T14:27:40+00:00","dateModified":"2024-11-26T19:09:24+00:00","breadcrumb":{"@id":"https:\/\/hilltech.ca\/fr\/#breadcrumb"},"inLanguage":"fr-FR","potentialAction":[{"@type":"ReadAction","target":["https:\/\/hilltech.ca\/fr\/"]}]},{"@type":"BreadcrumbList","@id":"https:\/\/hilltech.ca\/fr\/#breadcrumb","itemListElement":[{"@type":"ListItem","position":1,"name":"Accueil","item":"https:\/\/hilltech.ca\/fr\/"},{"@type":"ListItem","position":2,"name":"Accueil"}]},{"@type":"WebSite","@id":"https:\/\/hilltech.ca\/#website","url":"https:\/\/hilltech.ca\/","name":"Hilltech Canada","description":"Essential oils, oleoresin and pure vanilla supplier","publisher":{"@id":"https:\/\/hilltech.ca\/#organization"},"potentialAction":[{"@type":"SearchAction","target":{"@type":"EntryPoint","urlTemplate":"https:\/\/hilltech.ca\/?s={search_term_string}"},"query-input":{"@type":"PropertyValueSpecification","valueRequired":true,"valueName":"search_term_string"}}],"inLanguage":"fr-FR"},{"@type":"Organization","@id":"https:\/\/hilltech.ca\/#organization","name":"Hilltech Canada","url":"https:\/\/hilltech.ca\/","logo":{"@type":"ImageObject","inLanguage":"fr-FR","@id":"https:\/\/hilltech.ca\/#\/schema\/logo\/image\/","url":"https:\/\/hilltech.ca\/wp-content\/uploads\/2023\/04\/LOGO-2023-lr.jpg","contentUrl":"https:\/\/hilltech.ca\/wp-content\/uploads\/2023\/04\/LOGO-2023-lr.jpg","width":600,"height":137,"caption":"Hilltech Canada"},"image":{"@id":"https:\/\/hilltech.ca\/#\/schema\/logo\/image\/"}}]}},"_links":{"self":[{"href":"https:\/\/hilltech.ca\/fr\/wp-json\/wp\/v2\/pages\/590","targetHints":{"allow":["GET"]}}],"collection":[{"href":"https:\/\/hilltech.ca\/fr\/wp-json\/wp\/v2\/pages"}],"about":[{"href":"https:\/\/hilltech.ca\/fr\/wp-json\/wp\/v2\/types\/page"}],"author":[{"embeddable":true,"href":"https:\/\/hilltech.ca\/fr\/wp-json\/wp\/v2\/users\/1"}],"replies":[{"embeddable":true,"href":"https:\/\/hilltech.ca\/fr\/wp-json\/wp\/v2\/comments?post=590"}],"version-history":[{"count":5,"href":"https:\/\/hilltech.ca\/fr\/wp-json\/wp\/v2\/pages\/590\/revisions"}],"predecessor-version":[{"id":664,"href":"https:\/\/hilltech.ca\/fr\/wp-json\/wp\/v2\/pages\/590\/revisions\/664"}],"wp:attachment":[{"href":"https:\/\/hilltech.ca\/fr\/wp-json\/wp\/v2\/media?parent=590"}],"curies":[{"name":"wp","href":"https:\/\/api.w.org\/{rel}","templated":true}]}}