{"id":587,"date":"2023-04-03T22:05:40","date_gmt":"2023-04-03T22:05:40","guid":{"rendered":"https:\/\/hilltech.ca\/essential-oil\/"},"modified":"2023-05-25T21:07:02","modified_gmt":"2023-05-25T21:07:02","slug":"huiles-essentielles","status":"publish","type":"page","link":"https:\/\/hilltech.ca\/fr\/huiles-essentielles\/","title":{"rendered":"Huiles essentielles"},"content":{"rendered":"<section class=\"wpb-content-wrapper\"><p>[vc_row css_animation=\u00a0\u00bb\u00a0\u00bb row_type=\u00a0\u00bbrow\u00a0\u00bb use_row_as_full_screen_section=\u00a0\u00bbno\u00a0\u00bb type=\u00a0\u00bbfull_width\u00a0\u00bb angled_section=\u00a0\u00bbno\u00a0\u00bb text_align=\u00a0\u00bbleft\u00a0\u00bb background_image_as_pattern=\u00a0\u00bbwithout_pattern\u00a0\u00bb][vc_column][vc_empty_space][\/vc_column][\/vc_row][vc_row css_animation=\u00a0\u00bb\u00a0\u00bb row_type=\u00a0\u00bbrow\u00a0\u00bb use_row_as_full_screen_section=\u00a0\u00bbno\u00a0\u00bb type=\u00a0\u00bbfull_width\u00a0\u00bb angled_section=\u00a0\u00bbno\u00a0\u00bb text_align=\u00a0\u00bbleft\u00a0\u00bb background_image_as_pattern=\u00a0\u00bbwithout_pattern\u00a0\u00bb][vc_column][qode_elements_holder number_of_columns=\u00a0\u00bbtwo_columns\u00a0\u00bb][qode_elements_holder_item advanced_animations=\u00a0\u00bbno\u00a0\u00bb item_padding=\u00a0\u00bb12% 12% 12% 12%\u00a0\u00bb item_padding_1024_1280=\u00a0\u00bb13.35% 12% 14.9% 12.3%\u00a0\u00bb item_padding_768_1024=\u00a0\u00bb11.35% 5% 14.9% 5.3%\u00a0\u00bb item_padding_600_768=\u00a0\u00bb10.35% 18% 10.9% 16.8%\u00a0\u00bb][vc_column_text]<\/p>\n<h1>Huiles essentielles<\/h1>\n<p>[\/vc_column_text][vc_empty_space][vc_column_text]Hilltech dispose d&rsquo;une large gamme d&rsquo;huiles essentielles pures r\u00e9pondant aux sp\u00e9cifications FCC\/USP. Elles sont utilis\u00e9es dans toute l&rsquo;industrie alimentaire comme agents aromatisants, pour l&rsquo;aromath\u00e9rapie, dans les parfums et les fragrances ainsi que dans d&rsquo;autres produits pharmaceutiques pour leurs propri\u00e9t\u00e9s aromatiques ou antibact\u00e9riennes.<\/p>\n<p>&nbsp;<\/p>\n<p>Ces huiles hautement purifi\u00e9es sont les composants volatils extraits d&rsquo;une grande vari\u00e9t\u00e9 d&rsquo;\u00e9pices sous forme de graines, de racines, de tiges, d&rsquo;\u00e9corces, de feuilles, de bourgeons, de fleurs ou de fruits de plantes.<\/p>\n<p>Ces huiles volatiles sont produites par un processus de distillation \u00e0 la vapeur qui vaporise les composants volatils des huiles et condense ensuite cette vapeur en un liquide. Elles sont \u00e9galement produites par pression \u00e0 froid ou par expression. Certaines huiles essentielles qui sont obtenues en r\u00e2pant l\u2019\u00e9corce ou le fruit.<\/p>\n<p>&nbsp;<\/p>\n<p>Les huiles essentielles apportent un ar\u00f4me et une lib\u00e9ration imm\u00e9diate de la saveur. Elles sont tr\u00e8s populaires dans l&rsquo;industrie des bonbons\/confiseries, des marinades, et tr\u00e8s utilis\u00e9es dans l&rsquo;industrie des ar\u00f4mes o\u00f9 elles sont souvent s\u00e9ch\u00e9es par pulv\u00e9risation. Elles sont tr\u00e8s stables dans l&rsquo;alcool et sont utilis\u00e9es par les distilleries.[\/vc_column_text][\/qode_elements_holder_item][qode_elements_holder_item advanced_animations=\u00a0\u00bbno\u00a0\u00bb background_image=\u00a0\u00bb358&Prime; item_padding=\u00a0\u00bb0% 0% 0% 0%\u00a0\u00bb item_padding_1024_1280=\u00a0\u00bb0% 0% 0% 0%\u00a0\u00bb][vc_single_image image=\u00a0\u00bb358&Prime; img_size=\u00a0\u00bbfull\u00a0\u00bb qode_css_animation=\u00a0\u00bb\u00a0\u00bb][\/qode_elements_holder_item][\/qode_elements_holder][\/vc_column][\/vc_row][vc_row css_animation=\u00a0\u00bb\u00a0\u00bb row_type=\u00a0\u00bbrow\u00a0\u00bb use_row_as_full_screen_section=\u00a0\u00bbno\u00a0\u00bb type=\u00a0\u00bbgrid\u00a0\u00bb angled_section=\u00a0\u00bbno\u00a0\u00bb text_align=\u00a0\u00bbleft\u00a0\u00bb background_image_as_pattern=\u00a0\u00bbwithout_pattern\u00a0\u00bb z_index=\u00a0\u00bb\u00a0\u00bb][vc_column][vc_column_text]<\/p>\n<h1>HUILES ESSENTIELLES NATURELLES<\/h1>\n<p>[\/vc_column_text][vc_empty_space][vc_row_inner row_type=\u00a0\u00bbrow\u00a0\u00bb type=\u00a0\u00bbfull_width\u00a0\u00bb text_align=\u00a0\u00bbleft\u00a0\u00bb css_animation=\u00a0\u00bb\u00a0\u00bb][vc_column_inner width=\u00a0\u00bb1\/4&Prime;][vc_column_text]<\/p>\n<ul>\n<li>Ail<\/li>\n<li>Aneth<\/li>\n<li>Anis<\/li>\n<li>Basilic<\/li>\n<li>Baie<\/li>\n<li>Carvi<\/li>\n<li>Cardamome<\/li>\n<li>C\u00e9leri<\/li>\n<li>Cannelle<\/li>\n<li>Citron vert<\/li>\n<\/ul>\n<p>[\/vc_column_text][\/vc_column_inner][vc_column_inner width=\u00a0\u00bb1\/4&Prime;][vc_column_text]<\/p>\n<ul>\n<li>Clou de girofle<\/li>\n<li>Copa\u00efba<\/li>\n<li>Coriandre<\/li>\n<li>Cumin<\/li>\n<li>Eucalyptus<\/li>\n<li>Fenouil<\/li>\n<li>Galbanum<\/li>\n<li>Gaulth\u00e9rie<\/li>\n<li>Gingembre<\/li>\n<li>Geni\u00e8vre<\/li>\n<\/ul>\n<p>[\/vc_column_text][\/vc_column_inner][vc_column_inner width=\u00a0\u00bb1\/4&Prime;][vc_column_text]<\/p>\n<ul>\n<li>Macis<\/li>\n<li>Marjolaine<\/li>\n<li>Menthe poivr\u00e9e<\/li>\n<li>Menthe verte<\/li>\n<li>Moutarde<\/li>\n<li>Muscade<\/li>\n<li>Oignon<\/li>\n<li>Orange<\/li>\n<li>Origan<\/li>\n<li>Persil<\/li>\n<\/ul>\n<p>[\/vc_column_text][\/vc_column_inner][vc_column_inner width=\u00a0\u00bb1\/4&Prime;][vc_column_text]<\/p>\n<ul>\n<li>Poivre noir<\/li>\n<li>Piment (toutes \u00e9pices)<\/li>\n<li>Romarin<\/li>\n<li>Sauge<\/li>\n<li>Sarriette<\/li>\n<li>Thym<\/li>\n<\/ul>\n<p>[\/vc_column_text][\/vc_column_inner][\/vc_row_inner][\/vc_column][\/vc_row][vc_row css_animation=\u00a0\u00bb\u00a0\u00bb row_type=\u00a0\u00bbrow\u00a0\u00bb use_row_as_full_screen_section=\u00a0\u00bbno\u00a0\u00bb type=\u00a0\u00bbfull_width\u00a0\u00bb angled_section=\u00a0\u00bbno\u00a0\u00bb text_align=\u00a0\u00bbleft\u00a0\u00bb background_image_as_pattern=\u00a0\u00bbwithout_pattern\u00a0\u00bb][vc_column][vc_column_text]Hilltech peut \u00e9galement r\u00e9aliser des m\u00e9langes d&rsquo;huiles avec d&rsquo;autres extraits naturels ou ar\u00f4mes chimiques pour r\u00e9pondre \u00e0 vos besoins sp\u00e9cifiques ou cr\u00e9er une saveur unique pour vos produits. Nous pouvons \u00e9galement ajuster le niveau de concentration selon les besoins en utilisant une huile fixe, par exemple le soja, le canola, etc. ou rendre la formulation soluble dans l&rsquo;huile ou dans l&rsquo;eau.[\/vc_column_text][\/vc_column][\/vc_row][vc_row css_animation=\u00a0\u00bb\u00a0\u00bb row_type=\u00a0\u00bbrow\u00a0\u00bb use_row_as_full_screen_section=\u00a0\u00bbno\u00a0\u00bb type=\u00a0\u00bbgrid\u00a0\u00bb angled_section=\u00a0\u00bbno\u00a0\u00bb text_align=\u00a0\u00bbleft\u00a0\u00bb background_image_as_pattern=\u00a0\u00bbwithout_pattern\u00a0\u00bb anchor=\u00a0\u00bbstory\u00a0\u00bb css=\u00a0\u00bb.vc_custom_1678314023706{padding-top: 50px !important;}\u00a0\u00bb z_index=\u00a0\u00bb\u00a0\u00bb][vc_column][vc_widget_sidebar sidebar_id=\u00a0\u00bbNos produits\u00a0\u00bb][\/vc_column][\/vc_row]<\/p>\n<\/section>","protected":false},"excerpt":{"rendered":"<p>[vc_row css_animation=\u00a0\u00bb\u00a0\u00bb row_type=\u00a0\u00bbrow\u00a0\u00bb use_row_as_full_screen_section=\u00a0\u00bbno\u00a0\u00bb type=\u00a0\u00bbfull_width\u00a0\u00bb angled_section=\u00a0\u00bbno\u00a0\u00bb text_align=\u00a0\u00bbleft\u00a0\u00bb background_image_as_pattern=\u00a0\u00bbwithout_pattern\u00a0\u00bb][vc_column][vc_empty_space][\/vc_column][\/vc_row][vc_row css_animation=\u00a0\u00bb\u00a0\u00bb row_type=\u00a0\u00bbrow\u00a0\u00bb use_row_as_full_screen_section=\u00a0\u00bbno\u00a0\u00bb type=\u00a0\u00bbfull_width\u00a0\u00bb angled_section=\u00a0\u00bbno\u00a0\u00bb text_align=\u00a0\u00bbleft\u00a0\u00bb background_image_as_pattern=\u00a0\u00bbwithout_pattern\u00a0\u00bb][vc_column][qode_elements_holder number_of_columns=\u00a0\u00bbtwo_columns\u00a0\u00bb][qode_elements_holder_item advanced_animations=\u00a0\u00bbno\u00a0\u00bb item_padding=\u00a0\u00bb12% 12% 12% 12%\u00a0\u00bb item_padding_1024_1280=\u00a0\u00bb13.35% 12% 14.9% 12.3%\u00a0\u00bb item_padding_768_1024=\u00a0\u00bb11.35% 5% 14.9% 5.3%\u00a0\u00bb item_padding_600_768=\u00a0\u00bb10.35% 18% 10.9% 16.8%\u00a0\u00bb][vc_column_text] Huiles essentielles [\/vc_column_text][vc_empty_space][vc_column_text]Hilltech dispose d&rsquo;une large gamme d&rsquo;huiles essentielles pures r\u00e9pondant aux&#8230;<\/p>\n","protected":false},"author":1,"featured_media":0,"parent":0,"menu_order":0,"comment_status":"closed","ping_status":"closed","template":"full_width.php","meta":{"footnotes":""},"class_list":["post-587","page","type-page","status-publish","hentry"],"yoast_head":"<!-- This site is optimized with the Yoast SEO plugin v23.9 - https:\/\/yoast.com\/wordpress\/plugins\/seo\/ -->\n<title>Huiles essentielles - Hilltech Canada<\/title>\n<meta name=\"description\" content=\"Hilltech dispose d&#039;une large gamme d&#039;huiles essentielles pures utilis\u00e9es dans l&#039;industrie alimentaire, cosm\u00e9tique, pharmaceutiques et animale.\" \/>\n<meta name=\"robots\" content=\"index, follow, max-snippet:-1, max-image-preview:large, max-video-preview:-1\" \/>\n<link rel=\"canonical\" href=\"https:\/\/hilltech.ca\/fr\/huiles-essentielles\/\" \/>\n<meta property=\"og:locale\" content=\"fr_FR\" \/>\n<meta property=\"og:type\" content=\"article\" \/>\n<meta property=\"og:title\" content=\"Huiles essentielles - Hilltech Canada\" \/>\n<meta property=\"og:description\" content=\"Hilltech dispose d&#039;une large gamme d&#039;huiles essentielles pures utilis\u00e9es dans l&#039;industrie alimentaire, cosm\u00e9tique, pharmaceutiques et animale.\" \/>\n<meta property=\"og:url\" content=\"https:\/\/hilltech.ca\/fr\/huiles-essentielles\/\" \/>\n<meta property=\"og:site_name\" content=\"Hilltech Canada\" \/>\n<meta property=\"article:modified_time\" content=\"2023-05-25T21:07:02+00:00\" \/>\n<meta name=\"twitter:card\" content=\"summary_large_image\" \/>\n<meta name=\"twitter:label1\" content=\"Dur\u00e9e de lecture estim\u00e9e\" \/>\n\t<meta name=\"twitter:data1\" content=\"2 minutes\" \/>\n<script type=\"application\/ld+json\" class=\"yoast-schema-graph\">{\"@context\":\"https:\/\/schema.org\",\"@graph\":[{\"@type\":\"WebPage\",\"@id\":\"https:\/\/hilltech.ca\/fr\/huiles-essentielles\/\",\"url\":\"https:\/\/hilltech.ca\/fr\/huiles-essentielles\/\",\"name\":\"Huiles essentielles - Hilltech Canada\",\"isPartOf\":{\"@id\":\"https:\/\/hilltech.ca\/#website\"},\"datePublished\":\"2023-04-03T22:05:40+00:00\",\"dateModified\":\"2023-05-25T21:07:02+00:00\",\"description\":\"Hilltech dispose d'une large gamme d'huiles essentielles pures utilis\u00e9es dans l'industrie alimentaire, cosm\u00e9tique, pharmaceutiques et animale.\",\"breadcrumb\":{\"@id\":\"https:\/\/hilltech.ca\/fr\/huiles-essentielles\/#breadcrumb\"},\"inLanguage\":\"fr-FR\",\"potentialAction\":[{\"@type\":\"ReadAction\",\"target\":[\"https:\/\/hilltech.ca\/fr\/huiles-essentielles\/\"]}]},{\"@type\":\"BreadcrumbList\",\"@id\":\"https:\/\/hilltech.ca\/fr\/huiles-essentielles\/#breadcrumb\",\"itemListElement\":[{\"@type\":\"ListItem\",\"position\":1,\"name\":\"Accueil\",\"item\":\"https:\/\/hilltech.ca\/fr\/\"},{\"@type\":\"ListItem\",\"position\":2,\"name\":\"Huiles essentielles\"}]},{\"@type\":\"WebSite\",\"@id\":\"https:\/\/hilltech.ca\/#website\",\"url\":\"https:\/\/hilltech.ca\/\",\"name\":\"Hilltech Canada\",\"description\":\"Essential oils, oleoresin and pure vanilla supplier\",\"publisher\":{\"@id\":\"https:\/\/hilltech.ca\/#organization\"},\"potentialAction\":[{\"@type\":\"SearchAction\",\"target\":{\"@type\":\"EntryPoint\",\"urlTemplate\":\"https:\/\/hilltech.ca\/?s={search_term_string}\"},\"query-input\":{\"@type\":\"PropertyValueSpecification\",\"valueRequired\":true,\"valueName\":\"search_term_string\"}}],\"inLanguage\":\"fr-FR\"},{\"@type\":\"Organization\",\"@id\":\"https:\/\/hilltech.ca\/#organization\",\"name\":\"Hilltech Canada\",\"url\":\"https:\/\/hilltech.ca\/\",\"logo\":{\"@type\":\"ImageObject\",\"inLanguage\":\"fr-FR\",\"@id\":\"https:\/\/hilltech.ca\/#\/schema\/logo\/image\/\",\"url\":\"https:\/\/hilltech.ca\/wp-content\/uploads\/2023\/04\/LOGO-2023-lr.jpg\",\"contentUrl\":\"https:\/\/hilltech.ca\/wp-content\/uploads\/2023\/04\/LOGO-2023-lr.jpg\",\"width\":600,\"height\":137,\"caption\":\"Hilltech Canada\"},\"image\":{\"@id\":\"https:\/\/hilltech.ca\/#\/schema\/logo\/image\/\"}}]}<\/script>\n<!-- \/ Yoast SEO plugin. -->","yoast_head_json":{"title":"Huiles essentielles - Hilltech Canada","description":"Hilltech dispose d'une large gamme d'huiles essentielles pures utilis\u00e9es dans l'industrie alimentaire, cosm\u00e9tique, pharmaceutiques et animale.","robots":{"index":"index","follow":"follow","max-snippet":"max-snippet:-1","max-image-preview":"max-image-preview:large","max-video-preview":"max-video-preview:-1"},"canonical":"https:\/\/hilltech.ca\/fr\/huiles-essentielles\/","og_locale":"fr_FR","og_type":"article","og_title":"Huiles essentielles - Hilltech Canada","og_description":"Hilltech dispose d'une large gamme d'huiles essentielles pures utilis\u00e9es dans l'industrie alimentaire, cosm\u00e9tique, pharmaceutiques et animale.","og_url":"https:\/\/hilltech.ca\/fr\/huiles-essentielles\/","og_site_name":"Hilltech Canada","article_modified_time":"2023-05-25T21:07:02+00:00","twitter_card":"summary_large_image","twitter_misc":{"Dur\u00e9e de lecture estim\u00e9e":"2 minutes"},"schema":{"@context":"https:\/\/schema.org","@graph":[{"@type":"WebPage","@id":"https:\/\/hilltech.ca\/fr\/huiles-essentielles\/","url":"https:\/\/hilltech.ca\/fr\/huiles-essentielles\/","name":"Huiles essentielles - Hilltech Canada","isPartOf":{"@id":"https:\/\/hilltech.ca\/#website"},"datePublished":"2023-04-03T22:05:40+00:00","dateModified":"2023-05-25T21:07:02+00:00","description":"Hilltech dispose d'une large gamme d'huiles essentielles pures utilis\u00e9es dans l'industrie alimentaire, cosm\u00e9tique, pharmaceutiques et animale.","breadcrumb":{"@id":"https:\/\/hilltech.ca\/fr\/huiles-essentielles\/#breadcrumb"},"inLanguage":"fr-FR","potentialAction":[{"@type":"ReadAction","target":["https:\/\/hilltech.ca\/fr\/huiles-essentielles\/"]}]},{"@type":"BreadcrumbList","@id":"https:\/\/hilltech.ca\/fr\/huiles-essentielles\/#breadcrumb","itemListElement":[{"@type":"ListItem","position":1,"name":"Accueil","item":"https:\/\/hilltech.ca\/fr\/"},{"@type":"ListItem","position":2,"name":"Huiles essentielles"}]},{"@type":"WebSite","@id":"https:\/\/hilltech.ca\/#website","url":"https:\/\/hilltech.ca\/","name":"Hilltech Canada","description":"Essential oils, oleoresin and pure vanilla supplier","publisher":{"@id":"https:\/\/hilltech.ca\/#organization"},"potentialAction":[{"@type":"SearchAction","target":{"@type":"EntryPoint","urlTemplate":"https:\/\/hilltech.ca\/?s={search_term_string}"},"query-input":{"@type":"PropertyValueSpecification","valueRequired":true,"valueName":"search_term_string"}}],"inLanguage":"fr-FR"},{"@type":"Organization","@id":"https:\/\/hilltech.ca\/#organization","name":"Hilltech Canada","url":"https:\/\/hilltech.ca\/","logo":{"@type":"ImageObject","inLanguage":"fr-FR","@id":"https:\/\/hilltech.ca\/#\/schema\/logo\/image\/","url":"https:\/\/hilltech.ca\/wp-content\/uploads\/2023\/04\/LOGO-2023-lr.jpg","contentUrl":"https:\/\/hilltech.ca\/wp-content\/uploads\/2023\/04\/LOGO-2023-lr.jpg","width":600,"height":137,"caption":"Hilltech Canada"},"image":{"@id":"https:\/\/hilltech.ca\/#\/schema\/logo\/image\/"}}]}},"_links":{"self":[{"href":"https:\/\/hilltech.ca\/fr\/wp-json\/wp\/v2\/pages\/587","targetHints":{"allow":["GET"]}}],"collection":[{"href":"https:\/\/hilltech.ca\/fr\/wp-json\/wp\/v2\/pages"}],"about":[{"href":"https:\/\/hilltech.ca\/fr\/wp-json\/wp\/v2\/types\/page"}],"author":[{"embeddable":true,"href":"https:\/\/hilltech.ca\/fr\/wp-json\/wp\/v2\/users\/1"}],"replies":[{"embeddable":true,"href":"https:\/\/hilltech.ca\/fr\/wp-json\/wp\/v2\/comments?post=587"}],"version-history":[{"count":3,"href":"https:\/\/hilltech.ca\/fr\/wp-json\/wp\/v2\/pages\/587\/revisions"}],"predecessor-version":[{"id":631,"href":"https:\/\/hilltech.ca\/fr\/wp-json\/wp\/v2\/pages\/587\/revisions\/631"}],"wp:attachment":[{"href":"https:\/\/hilltech.ca\/fr\/wp-json\/wp\/v2\/media?parent=587"}],"curies":[{"name":"wp","href":"https:\/\/api.w.org\/{rel}","templated":true}]}}