{"id":584,"date":"2023-04-06T15:36:55","date_gmt":"2023-04-06T15:36:55","guid":{"rendered":"https:\/\/hilltech.ca\/oleoresin\/"},"modified":"2023-05-25T21:08:28","modified_gmt":"2023-05-25T21:08:28","slug":"oleoresine","status":"publish","type":"page","link":"https:\/\/hilltech.ca\/fr\/oleoresine\/","title":{"rendered":"Ol\u00e9or\u00e9sine"},"content":{"rendered":"<section class=\"wpb-content-wrapper\"><p>[vc_row css_animation=\u00a0\u00bb\u00a0\u00bb row_type=\u00a0\u00bbrow\u00a0\u00bb use_row_as_full_screen_section=\u00a0\u00bbno\u00a0\u00bb type=\u00a0\u00bbfull_width\u00a0\u00bb angled_section=\u00a0\u00bbno\u00a0\u00bb text_align=\u00a0\u00bbleft\u00a0\u00bb background_image_as_pattern=\u00a0\u00bbwithout_pattern\u00a0\u00bb][vc_column][vc_empty_space][\/vc_column][\/vc_row][vc_row css_animation=\u00a0\u00bb\u00a0\u00bb row_type=\u00a0\u00bbrow\u00a0\u00bb use_row_as_full_screen_section=\u00a0\u00bbno\u00a0\u00bb type=\u00a0\u00bbfull_width\u00a0\u00bb angled_section=\u00a0\u00bbno\u00a0\u00bb text_align=\u00a0\u00bbleft\u00a0\u00bb background_image_as_pattern=\u00a0\u00bbwithout_pattern\u00a0\u00bb][vc_column][qode_elements_holder number_of_columns=\u00a0\u00bbtwo_columns\u00a0\u00bb][qode_elements_holder_item advanced_animations=\u00a0\u00bbno\u00a0\u00bb item_padding=\u00a0\u00bb12% 12% 12% 12%\u00a0\u00bb item_padding_1024_1280=\u00a0\u00bb13.35% 12% 14.9% 12.3%\u00a0\u00bb item_padding_768_1024=\u00a0\u00bb11.35% 5% 14.9% 5.3%\u00a0\u00bb item_padding_600_768=\u00a0\u00bb10.35% 18% 10.9% 16.8%\u00a0\u00bb][vc_column_text]<\/p>\n<h1>Ol\u00e9or\u00e9sine<\/h1>\n<p>[\/vc_column_text][vc_empty_space][vc_column_text]Contrairement aux huiles essentielles qui ne contiennent que les composants volatils, les ol\u00e9or\u00e9sines sont des extraits d&rsquo;\u00e9pices contenant \u00e9galement des composants non volatils, des r\u00e9sines, des cires, des gommes, des graisses et des huiles grasses qui leur donnent une saveur pleine avec des notes herbac\u00e9es, \u00e9pic\u00e9es, terreuses et piquantes profondes.<\/p>\n<p>&nbsp;<\/p>\n<p>Ils contiennent \u00e9galement des principes actifs, par exemple la pip\u00e9rine dans l&rsquo;ol\u00e9or\u00e9sine de poivre noir ou la capsa\u00efcine dans l&rsquo;ol\u00e9or\u00e9sine de capsicum leur conf\u00e8rent leur chaleur caract\u00e9ristique. La curcumine dans l&rsquo;ol\u00e9or\u00e9sine de curcuma ou les carot\u00e9no\u00efdes dans l&rsquo;ol\u00e9or\u00e9sine de paprika leur donnent leur couleur caract\u00e9ristique ou encore l&rsquo;acide carnosique, l&rsquo;antioxydant actif de l&rsquo;ol\u00e9or\u00e9sine de romarin.[\/vc_column_text][\/qode_elements_holder_item][qode_elements_holder_item advanced_animations=\u00a0\u00bbno\u00a0\u00bb item_padding=\u00a0\u00bb0% 0% 0% 0%\u00a0\u00bb item_padding_1024_1280=\u00a0\u00bb0% 0% 0% 0%\u00a0\u00bb][vc_single_image image=\u00a0\u00bb346&Prime; img_size=\u00a0\u00bbfull\u00a0\u00bb qode_css_animation=\u00a0\u00bb\u00a0\u00bb][\/qode_elements_holder_item][\/qode_elements_holder][\/vc_column][\/vc_row][vc_row css_animation=\u00a0\u00bb\u00a0\u00bb row_type=\u00a0\u00bbrow\u00a0\u00bb use_row_as_full_screen_section=\u00a0\u00bbno\u00a0\u00bb type=\u00a0\u00bbgrid\u00a0\u00bb angled_section=\u00a0\u00bbno\u00a0\u00bb text_align=\u00a0\u00bbleft\u00a0\u00bb background_image_as_pattern=\u00a0\u00bbwithout_pattern\u00a0\u00bb z_index=\u00a0\u00bb\u00a0\u00bb][vc_column][vc_column_text]<\/p>\n<h1>Ol\u00e9or\u00e9sine<\/h1>\n<p>[\/vc_column_text][vc_empty_space][vc_row_inner row_type=\u00a0\u00bbrow\u00a0\u00bb type=\u00a0\u00bbfull_width\u00a0\u00bb text_align=\u00a0\u00bbleft\u00a0\u00bb css_animation=\u00a0\u00bb\u00a0\u00bb][vc_column_inner width=\u00a0\u00bb1\/4&Prime;][vc_column_text]<\/p>\n<ul>\n<li>Poivre noir<\/li>\n<li>Capsicum<\/li>\n<li>Cassia<\/li>\n<\/ul>\n<p>[\/vc_column_text][\/vc_column_inner][vc_column_inner width=\u00a0\u00bb1\/4&Prime;][vc_column_text]<\/p>\n<ul>\n<li>C\u00e9leri<\/li>\n<li>Cumin<\/li>\n<li>Marjolaine<\/li>\n<\/ul>\n<p>[\/vc_column_text][\/vc_column_inner][vc_column_inner width=\u00a0\u00bb1\/4&Prime;][vc_column_text]<\/p>\n<ul>\n<li>Origan<\/li>\n<li>Paprika<\/li>\n<li>Poivre blanc<\/li>\n<\/ul>\n<p>[\/vc_column_text][\/vc_column_inner][vc_column_inner width=\u00a0\u00bb1\/4&Prime;][vc_column_text]<\/p>\n<ul>\n<li>Piment (toutes \u00e9pices)<\/li>\n<li>Romarin<\/li>\n<li>Thym<\/li>\n<li>Curcuma<\/li>\n<\/ul>\n<p>[\/vc_column_text][\/vc_column_inner][\/vc_row_inner][\/vc_column][\/vc_row][vc_row css_animation=\u00a0\u00bb\u00a0\u00bb row_type=\u00a0\u00bbrow\u00a0\u00bb use_row_as_full_screen_section=\u00a0\u00bbno\u00a0\u00bb type=\u00a0\u00bbgrid\u00a0\u00bb angled_section=\u00a0\u00bbno\u00a0\u00bb text_align=\u00a0\u00bbleft\u00a0\u00bb background_image_as_pattern=\u00a0\u00bbwithout_pattern\u00a0\u00bb z_index=\u00a0\u00bb\u00a0\u00bb][vc_column][vc_empty_space][vc_column_text]La concentration d&rsquo;ol\u00e9or\u00e9sine et la teneur en huile volatile peuvent \u00eatre ajust\u00e9es pour obtenir le bon \u00e9quilibre et r\u00e9pondre au profil de saveur ou aux sp\u00e9cifications requises. Hilltech peut \u00e9galement r\u00e9aliser un m\u00e9lange personnalis\u00e9 d&rsquo;ol\u00e9or\u00e9sines avec des huiles essentielles, d&rsquo;autres extraits naturels ou des produits chimiques aromatiques pour r\u00e9pondre \u00e0 vos besoins sp\u00e9cifiques ou cr\u00e9er une saveur unique pour vos produits. Nous pouvons \u00e9galement ajuster le produit selon vos besoins en utilisant une huile fixe, par exemple le soja, le canola, etc. ou rendre la formulation soluble dans l&rsquo;huile ou dans l&rsquo;eau.[\/vc_column_text][\/vc_column][\/vc_row][vc_row css_animation=\u00a0\u00bb\u00a0\u00bb row_type=\u00a0\u00bbrow\u00a0\u00bb use_row_as_full_screen_section=\u00a0\u00bbno\u00a0\u00bb type=\u00a0\u00bbgrid\u00a0\u00bb angled_section=\u00a0\u00bbno\u00a0\u00bb text_align=\u00a0\u00bbleft\u00a0\u00bb background_image_as_pattern=\u00a0\u00bbwithout_pattern\u00a0\u00bb anchor=\u00a0\u00bbstory\u00a0\u00bb css=\u00a0\u00bb.vc_custom_1678314023706{padding-top: 50px !important;}\u00a0\u00bb z_index=\u00a0\u00bb\u00a0\u00bb][vc_column][vc_widget_sidebar sidebar_id=\u00a0\u00bbNos produits\u00a0\u00bb][\/vc_column][\/vc_row]<\/p>\n<\/section>","protected":false},"excerpt":{"rendered":"<p>[vc_row css_animation=\u00a0\u00bb\u00a0\u00bb row_type=\u00a0\u00bbrow\u00a0\u00bb use_row_as_full_screen_section=\u00a0\u00bbno\u00a0\u00bb type=\u00a0\u00bbfull_width\u00a0\u00bb angled_section=\u00a0\u00bbno\u00a0\u00bb text_align=\u00a0\u00bbleft\u00a0\u00bb background_image_as_pattern=\u00a0\u00bbwithout_pattern\u00a0\u00bb][vc_column][vc_empty_space][\/vc_column][\/vc_row][vc_row css_animation=\u00a0\u00bb\u00a0\u00bb row_type=\u00a0\u00bbrow\u00a0\u00bb use_row_as_full_screen_section=\u00a0\u00bbno\u00a0\u00bb type=\u00a0\u00bbfull_width\u00a0\u00bb angled_section=\u00a0\u00bbno\u00a0\u00bb text_align=\u00a0\u00bbleft\u00a0\u00bb background_image_as_pattern=\u00a0\u00bbwithout_pattern\u00a0\u00bb][vc_column][qode_elements_holder number_of_columns=\u00a0\u00bbtwo_columns\u00a0\u00bb][qode_elements_holder_item advanced_animations=\u00a0\u00bbno\u00a0\u00bb item_padding=\u00a0\u00bb12% 12% 12% 12%\u00a0\u00bb item_padding_1024_1280=\u00a0\u00bb13.35% 12% 14.9% 12.3%\u00a0\u00bb item_padding_768_1024=\u00a0\u00bb11.35% 5% 14.9% 5.3%\u00a0\u00bb item_padding_600_768=\u00a0\u00bb10.35% 18% 10.9% 16.8%\u00a0\u00bb][vc_column_text] Ol\u00e9or\u00e9sine [\/vc_column_text][vc_empty_space][vc_column_text]Contrairement aux huiles essentielles qui ne contiennent que les composants volatils,&#8230;<\/p>\n","protected":false},"author":1,"featured_media":0,"parent":0,"menu_order":0,"comment_status":"closed","ping_status":"closed","template":"full_width.php","meta":{"footnotes":""},"class_list":["post-584","page","type-page","status-publish","hentry"],"yoast_head":"<!-- This site is optimized with the Yoast SEO plugin v23.9 - https:\/\/yoast.com\/wordpress\/plugins\/seo\/ -->\n<title>Ol\u00e9or\u00e9sine - Hilltech Canada<\/title>\n<meta name=\"robots\" content=\"index, follow, max-snippet:-1, max-image-preview:large, max-video-preview:-1\" \/>\n<link rel=\"canonical\" href=\"https:\/\/hilltech.ca\/fr\/oleoresine\/\" \/>\n<meta property=\"og:locale\" content=\"fr_FR\" \/>\n<meta property=\"og:type\" content=\"article\" \/>\n<meta property=\"og:title\" content=\"Ol\u00e9or\u00e9sine - Hilltech Canada\" \/>\n<meta property=\"og:description\" content=\"[vc_row css_animation=\u00a0\u00bb\u00a0\u00bb row_type=\u00a0\u00bbrow\u00a0\u00bb use_row_as_full_screen_section=\u00a0\u00bbno\u00a0\u00bb type=\u00a0\u00bbfull_width\u00a0\u00bb angled_section=\u00a0\u00bbno\u00a0\u00bb text_align=\u00a0\u00bbleft\u00a0\u00bb background_image_as_pattern=\u00a0\u00bbwithout_pattern\u00a0\u00bb][vc_column][vc_empty_space][\/vc_column][\/vc_row][vc_row css_animation=\u00a0\u00bb\u00a0\u00bb row_type=\u00a0\u00bbrow\u00a0\u00bb use_row_as_full_screen_section=\u00a0\u00bbno\u00a0\u00bb type=\u00a0\u00bbfull_width\u00a0\u00bb angled_section=\u00a0\u00bbno\u00a0\u00bb text_align=\u00a0\u00bbleft\u00a0\u00bb background_image_as_pattern=\u00a0\u00bbwithout_pattern\u00a0\u00bb][vc_column][qode_elements_holder number_of_columns=\u00a0\u00bbtwo_columns\u00a0\u00bb][qode_elements_holder_item advanced_animations=\u00a0\u00bbno\u00a0\u00bb item_padding=\u00a0\u00bb12% 12% 12% 12%\u00a0\u00bb item_padding_1024_1280=\u00a0\u00bb13.35% 12% 14.9% 12.3%\u00a0\u00bb item_padding_768_1024=\u00a0\u00bb11.35% 5% 14.9% 5.3%\u00a0\u00bb item_padding_600_768=\u00a0\u00bb10.35% 18% 10.9% 16.8%\u00a0\u00bb][vc_column_text] Ol\u00e9or\u00e9sine [\/vc_column_text][vc_empty_space][vc_column_text]Contrairement aux huiles essentielles qui ne contiennent que les composants volatils,...\" \/>\n<meta property=\"og:url\" content=\"https:\/\/hilltech.ca\/fr\/oleoresine\/\" \/>\n<meta property=\"og:site_name\" content=\"Hilltech Canada\" \/>\n<meta property=\"article:modified_time\" content=\"2023-05-25T21:08:28+00:00\" \/>\n<meta name=\"twitter:card\" content=\"summary_large_image\" \/>\n<meta name=\"twitter:label1\" content=\"Dur\u00e9e de lecture estim\u00e9e\" \/>\n\t<meta name=\"twitter:data1\" content=\"2 minutes\" \/>\n<script type=\"application\/ld+json\" class=\"yoast-schema-graph\">{\"@context\":\"https:\/\/schema.org\",\"@graph\":[{\"@type\":\"WebPage\",\"@id\":\"https:\/\/hilltech.ca\/fr\/oleoresine\/\",\"url\":\"https:\/\/hilltech.ca\/fr\/oleoresine\/\",\"name\":\"Ol\u00e9or\u00e9sine - Hilltech Canada\",\"isPartOf\":{\"@id\":\"https:\/\/hilltech.ca\/#website\"},\"datePublished\":\"2023-04-06T15:36:55+00:00\",\"dateModified\":\"2023-05-25T21:08:28+00:00\",\"breadcrumb\":{\"@id\":\"https:\/\/hilltech.ca\/fr\/oleoresine\/#breadcrumb\"},\"inLanguage\":\"fr-FR\",\"potentialAction\":[{\"@type\":\"ReadAction\",\"target\":[\"https:\/\/hilltech.ca\/fr\/oleoresine\/\"]}]},{\"@type\":\"BreadcrumbList\",\"@id\":\"https:\/\/hilltech.ca\/fr\/oleoresine\/#breadcrumb\",\"itemListElement\":[{\"@type\":\"ListItem\",\"position\":1,\"name\":\"Accueil\",\"item\":\"https:\/\/hilltech.ca\/fr\/\"},{\"@type\":\"ListItem\",\"position\":2,\"name\":\"Ol\u00e9or\u00e9sine\"}]},{\"@type\":\"WebSite\",\"@id\":\"https:\/\/hilltech.ca\/#website\",\"url\":\"https:\/\/hilltech.ca\/\",\"name\":\"Hilltech Canada\",\"description\":\"Essential oils, oleoresin and pure vanilla supplier\",\"publisher\":{\"@id\":\"https:\/\/hilltech.ca\/#organization\"},\"potentialAction\":[{\"@type\":\"SearchAction\",\"target\":{\"@type\":\"EntryPoint\",\"urlTemplate\":\"https:\/\/hilltech.ca\/?s={search_term_string}\"},\"query-input\":{\"@type\":\"PropertyValueSpecification\",\"valueRequired\":true,\"valueName\":\"search_term_string\"}}],\"inLanguage\":\"fr-FR\"},{\"@type\":\"Organization\",\"@id\":\"https:\/\/hilltech.ca\/#organization\",\"name\":\"Hilltech Canada\",\"url\":\"https:\/\/hilltech.ca\/\",\"logo\":{\"@type\":\"ImageObject\",\"inLanguage\":\"fr-FR\",\"@id\":\"https:\/\/hilltech.ca\/#\/schema\/logo\/image\/\",\"url\":\"https:\/\/hilltech.ca\/wp-content\/uploads\/2023\/04\/LOGO-2023-lr.jpg\",\"contentUrl\":\"https:\/\/hilltech.ca\/wp-content\/uploads\/2023\/04\/LOGO-2023-lr.jpg\",\"width\":600,\"height\":137,\"caption\":\"Hilltech Canada\"},\"image\":{\"@id\":\"https:\/\/hilltech.ca\/#\/schema\/logo\/image\/\"}}]}<\/script>\n<!-- \/ Yoast SEO plugin. -->","yoast_head_json":{"title":"Ol\u00e9or\u00e9sine - Hilltech Canada","robots":{"index":"index","follow":"follow","max-snippet":"max-snippet:-1","max-image-preview":"max-image-preview:large","max-video-preview":"max-video-preview:-1"},"canonical":"https:\/\/hilltech.ca\/fr\/oleoresine\/","og_locale":"fr_FR","og_type":"article","og_title":"Ol\u00e9or\u00e9sine - Hilltech Canada","og_description":"[vc_row css_animation=\u00a0\u00bb\u00a0\u00bb row_type=\u00a0\u00bbrow\u00a0\u00bb use_row_as_full_screen_section=\u00a0\u00bbno\u00a0\u00bb type=\u00a0\u00bbfull_width\u00a0\u00bb angled_section=\u00a0\u00bbno\u00a0\u00bb text_align=\u00a0\u00bbleft\u00a0\u00bb background_image_as_pattern=\u00a0\u00bbwithout_pattern\u00a0\u00bb][vc_column][vc_empty_space][\/vc_column][\/vc_row][vc_row css_animation=\u00a0\u00bb\u00a0\u00bb row_type=\u00a0\u00bbrow\u00a0\u00bb use_row_as_full_screen_section=\u00a0\u00bbno\u00a0\u00bb type=\u00a0\u00bbfull_width\u00a0\u00bb angled_section=\u00a0\u00bbno\u00a0\u00bb text_align=\u00a0\u00bbleft\u00a0\u00bb background_image_as_pattern=\u00a0\u00bbwithout_pattern\u00a0\u00bb][vc_column][qode_elements_holder number_of_columns=\u00a0\u00bbtwo_columns\u00a0\u00bb][qode_elements_holder_item advanced_animations=\u00a0\u00bbno\u00a0\u00bb item_padding=\u00a0\u00bb12% 12% 12% 12%\u00a0\u00bb item_padding_1024_1280=\u00a0\u00bb13.35% 12% 14.9% 12.3%\u00a0\u00bb item_padding_768_1024=\u00a0\u00bb11.35% 5% 14.9% 5.3%\u00a0\u00bb item_padding_600_768=\u00a0\u00bb10.35% 18% 10.9% 16.8%\u00a0\u00bb][vc_column_text] Ol\u00e9or\u00e9sine [\/vc_column_text][vc_empty_space][vc_column_text]Contrairement aux huiles essentielles qui ne contiennent que les composants volatils,...","og_url":"https:\/\/hilltech.ca\/fr\/oleoresine\/","og_site_name":"Hilltech Canada","article_modified_time":"2023-05-25T21:08:28+00:00","twitter_card":"summary_large_image","twitter_misc":{"Dur\u00e9e de lecture estim\u00e9e":"2 minutes"},"schema":{"@context":"https:\/\/schema.org","@graph":[{"@type":"WebPage","@id":"https:\/\/hilltech.ca\/fr\/oleoresine\/","url":"https:\/\/hilltech.ca\/fr\/oleoresine\/","name":"Ol\u00e9or\u00e9sine - Hilltech Canada","isPartOf":{"@id":"https:\/\/hilltech.ca\/#website"},"datePublished":"2023-04-06T15:36:55+00:00","dateModified":"2023-05-25T21:08:28+00:00","breadcrumb":{"@id":"https:\/\/hilltech.ca\/fr\/oleoresine\/#breadcrumb"},"inLanguage":"fr-FR","potentialAction":[{"@type":"ReadAction","target":["https:\/\/hilltech.ca\/fr\/oleoresine\/"]}]},{"@type":"BreadcrumbList","@id":"https:\/\/hilltech.ca\/fr\/oleoresine\/#breadcrumb","itemListElement":[{"@type":"ListItem","position":1,"name":"Accueil","item":"https:\/\/hilltech.ca\/fr\/"},{"@type":"ListItem","position":2,"name":"Ol\u00e9or\u00e9sine"}]},{"@type":"WebSite","@id":"https:\/\/hilltech.ca\/#website","url":"https:\/\/hilltech.ca\/","name":"Hilltech Canada","description":"Essential oils, oleoresin and pure vanilla supplier","publisher":{"@id":"https:\/\/hilltech.ca\/#organization"},"potentialAction":[{"@type":"SearchAction","target":{"@type":"EntryPoint","urlTemplate":"https:\/\/hilltech.ca\/?s={search_term_string}"},"query-input":{"@type":"PropertyValueSpecification","valueRequired":true,"valueName":"search_term_string"}}],"inLanguage":"fr-FR"},{"@type":"Organization","@id":"https:\/\/hilltech.ca\/#organization","name":"Hilltech Canada","url":"https:\/\/hilltech.ca\/","logo":{"@type":"ImageObject","inLanguage":"fr-FR","@id":"https:\/\/hilltech.ca\/#\/schema\/logo\/image\/","url":"https:\/\/hilltech.ca\/wp-content\/uploads\/2023\/04\/LOGO-2023-lr.jpg","contentUrl":"https:\/\/hilltech.ca\/wp-content\/uploads\/2023\/04\/LOGO-2023-lr.jpg","width":600,"height":137,"caption":"Hilltech Canada"},"image":{"@id":"https:\/\/hilltech.ca\/#\/schema\/logo\/image\/"}}]}},"_links":{"self":[{"href":"https:\/\/hilltech.ca\/fr\/wp-json\/wp\/v2\/pages\/584","targetHints":{"allow":["GET"]}}],"collection":[{"href":"https:\/\/hilltech.ca\/fr\/wp-json\/wp\/v2\/pages"}],"about":[{"href":"https:\/\/hilltech.ca\/fr\/wp-json\/wp\/v2\/types\/page"}],"author":[{"embeddable":true,"href":"https:\/\/hilltech.ca\/fr\/wp-json\/wp\/v2\/users\/1"}],"replies":[{"embeddable":true,"href":"https:\/\/hilltech.ca\/fr\/wp-json\/wp\/v2\/comments?post=584"}],"version-history":[{"count":3,"href":"https:\/\/hilltech.ca\/fr\/wp-json\/wp\/v2\/pages\/584\/revisions"}],"predecessor-version":[{"id":634,"href":"https:\/\/hilltech.ca\/fr\/wp-json\/wp\/v2\/pages\/584\/revisions\/634"}],"wp:attachment":[{"href":"https:\/\/hilltech.ca\/fr\/wp-json\/wp\/v2\/media?parent=584"}],"curies":[{"name":"wp","href":"https:\/\/api.w.org\/{rel}","templated":true}]}}