{"id":581,"date":"2023-04-04T20:40:04","date_gmt":"2023-04-04T20:40:04","guid":{"rendered":"https:\/\/hilltech.ca\/formulation-support\/"},"modified":"2023-05-25T21:03:13","modified_gmt":"2023-05-25T21:03:13","slug":"assistance-technique-au-developpement-darome","status":"publish","type":"page","link":"https:\/\/hilltech.ca\/fr\/assistance-technique-au-developpement-darome\/","title":{"rendered":"Assistance technique au d\u00e9veloppement d&rsquo;ar\u00f4me"},"content":{"rendered":"<section class=\"wpb-content-wrapper\"><p>[vc_row css_animation=\u00a0\u00bb\u00a0\u00bb row_type=\u00a0\u00bbrow\u00a0\u00bb use_row_as_full_screen_section=\u00a0\u00bbno\u00a0\u00bb type=\u00a0\u00bbfull_width\u00a0\u00bb angled_section=\u00a0\u00bbno\u00a0\u00bb text_align=\u00a0\u00bbleft\u00a0\u00bb background_image_as_pattern=\u00a0\u00bbwithout_pattern\u00a0\u00bb][vc_column][vc_empty_space][\/vc_column][\/vc_row][vc_row css_animation=\u00a0\u00bb\u00a0\u00bb row_type=\u00a0\u00bbrow\u00a0\u00bb use_row_as_full_screen_section=\u00a0\u00bbno\u00a0\u00bb type=\u00a0\u00bbfull_width\u00a0\u00bb angled_section=\u00a0\u00bbno\u00a0\u00bb text_align=\u00a0\u00bbleft\u00a0\u00bb background_image_as_pattern=\u00a0\u00bbwithout_pattern\u00a0\u00bb][vc_column][qode_elements_holder number_of_columns=\u00a0\u00bbtwo_columns\u00a0\u00bb][qode_elements_holder_item advanced_animations=\u00a0\u00bbno\u00a0\u00bb item_padding=\u00a0\u00bb12% 12% 12% 12%\u00a0\u00bb item_padding_1024_1280=\u00a0\u00bb13.35% 12% 14.9% 12.3%\u00a0\u00bb item_padding_768_1024=\u00a0\u00bb11.35% 5% 14.9% 5.3%\u00a0\u00bb item_padding_600_768=\u00a0\u00bb10.35% 18% 10.9% 16.8%\u00a0\u00bb][vc_column_text]<\/p>\n<h1>Assistance technique au d\u00e9veloppement d&rsquo;ar\u00f4me<\/h1>\n<p>[\/vc_column_text][vc_empty_space][vc_column_text]<u>Le d\u00e9veloppement d&rsquo;ar\u00f4mes <\/u>est un proc\u00e9d\u00e9 relativement complexe. Le d\u00e9veloppement de partenariats avec notre laboratoire et nos <u>chimistes sp\u00e9cialis\u00e9s dans les ar\u00f4mes <\/u>peut apporter des connaissances et des comp\u00e9tences pour am\u00e9liorer votre formulation et rendre cette \u00e9tape plus facile.<\/p>\n<p>&nbsp;<\/p>\n<p>Notre \u00e9quipe peut fournir toutes les <u>normes de conformit\u00e9 r\u00e9glementaire <\/u>n\u00e9cessaires ainsi que les documents qui accompagnent votre nouvel ar\u00f4me.[\/vc_column_text][\/qode_elements_holder_item][qode_elements_holder_item horizontal_alignment=\u00a0\u00bbright\u00a0\u00bb advanced_animations=\u00a0\u00bbno\u00a0\u00bb item_padding=\u00a0\u00bb0% 0% 0% 0%\u00a0\u00bb][vc_single_image image=\u00a0\u00bb371&Prime; img_size=\u00a0\u00bbfull\u00a0\u00bb qode_css_animation=\u00a0\u00bb\u00a0\u00bb][\/qode_elements_holder_item][\/qode_elements_holder][\/vc_column][\/vc_row][vc_row css_animation=\u00a0\u00bb\u00a0\u00bb row_type=\u00a0\u00bbrow\u00a0\u00bb use_row_as_full_screen_section=\u00a0\u00bbno\u00a0\u00bb type=\u00a0\u00bbgrid\u00a0\u00bb angled_section=\u00a0\u00bbno\u00a0\u00bb text_align=\u00a0\u00bbleft\u00a0\u00bb background_image_as_pattern=\u00a0\u00bbwithout_pattern\u00a0\u00bb anchor=\u00a0\u00bbstory\u00a0\u00bb css=\u00a0\u00bb.vc_custom_1678314023706{padding-top: 50px !important;}\u00a0\u00bb z_index=\u00a0\u00bb\u00a0\u00bb][vc_column][vc_widget_sidebar sidebar_id=\u00a0\u00bbNos produits\u00a0\u00bb][\/vc_column][\/vc_row]<\/p>\n<\/section>","protected":false},"excerpt":{"rendered":"<p>[vc_row css_animation=\u00a0\u00bb\u00a0\u00bb row_type=\u00a0\u00bbrow\u00a0\u00bb use_row_as_full_screen_section=\u00a0\u00bbno\u00a0\u00bb type=\u00a0\u00bbfull_width\u00a0\u00bb angled_section=\u00a0\u00bbno\u00a0\u00bb text_align=\u00a0\u00bbleft\u00a0\u00bb background_image_as_pattern=\u00a0\u00bbwithout_pattern\u00a0\u00bb][vc_column][vc_empty_space][\/vc_column][\/vc_row][vc_row css_animation=\u00a0\u00bb\u00a0\u00bb row_type=\u00a0\u00bbrow\u00a0\u00bb use_row_as_full_screen_section=\u00a0\u00bbno\u00a0\u00bb type=\u00a0\u00bbfull_width\u00a0\u00bb angled_section=\u00a0\u00bbno\u00a0\u00bb text_align=\u00a0\u00bbleft\u00a0\u00bb background_image_as_pattern=\u00a0\u00bbwithout_pattern\u00a0\u00bb][vc_column][qode_elements_holder number_of_columns=\u00a0\u00bbtwo_columns\u00a0\u00bb][qode_elements_holder_item advanced_animations=\u00a0\u00bbno\u00a0\u00bb item_padding=\u00a0\u00bb12% 12% 12% 12%\u00a0\u00bb item_padding_1024_1280=\u00a0\u00bb13.35% 12% 14.9% 12.3%\u00a0\u00bb item_padding_768_1024=\u00a0\u00bb11.35% 5% 14.9% 5.3%\u00a0\u00bb item_padding_600_768=\u00a0\u00bb10.35% 18% 10.9% 16.8%\u00a0\u00bb][vc_column_text] Assistance technique au d\u00e9veloppement d&rsquo;ar\u00f4me [\/vc_column_text][vc_empty_space][vc_column_text]Le d\u00e9veloppement d&rsquo;ar\u00f4mes est un proc\u00e9d\u00e9 relativement&#8230;<\/p>\n","protected":false},"author":1,"featured_media":0,"parent":0,"menu_order":0,"comment_status":"closed","ping_status":"closed","template":"full_width.php","meta":{"footnotes":""},"class_list":["post-581","page","type-page","status-publish","hentry"],"yoast_head":"<!-- This site is optimized with the Yoast SEO plugin v23.9 - https:\/\/yoast.com\/wordpress\/plugins\/seo\/ -->\n<title>Assistance technique au d\u00e9veloppement d&#039;ar\u00f4me - Hilltech Canada<\/title>\n<meta name=\"robots\" content=\"index, follow, max-snippet:-1, max-image-preview:large, max-video-preview:-1\" \/>\n<link rel=\"canonical\" href=\"https:\/\/hilltech.ca\/fr\/assistance-technique-au-developpement-darome\/\" \/>\n<meta property=\"og:locale\" content=\"fr_FR\" \/>\n<meta property=\"og:type\" content=\"article\" \/>\n<meta property=\"og:title\" content=\"Assistance technique au d\u00e9veloppement d&#039;ar\u00f4me - Hilltech Canada\" \/>\n<meta property=\"og:description\" content=\"[vc_row css_animation=\u00a0\u00bb\u00a0\u00bb row_type=\u00a0\u00bbrow\u00a0\u00bb use_row_as_full_screen_section=\u00a0\u00bbno\u00a0\u00bb type=\u00a0\u00bbfull_width\u00a0\u00bb angled_section=\u00a0\u00bbno\u00a0\u00bb text_align=\u00a0\u00bbleft\u00a0\u00bb background_image_as_pattern=\u00a0\u00bbwithout_pattern\u00a0\u00bb][vc_column][vc_empty_space][\/vc_column][\/vc_row][vc_row css_animation=\u00a0\u00bb\u00a0\u00bb row_type=\u00a0\u00bbrow\u00a0\u00bb use_row_as_full_screen_section=\u00a0\u00bbno\u00a0\u00bb type=\u00a0\u00bbfull_width\u00a0\u00bb angled_section=\u00a0\u00bbno\u00a0\u00bb text_align=\u00a0\u00bbleft\u00a0\u00bb background_image_as_pattern=\u00a0\u00bbwithout_pattern\u00a0\u00bb][vc_column][qode_elements_holder number_of_columns=\u00a0\u00bbtwo_columns\u00a0\u00bb][qode_elements_holder_item advanced_animations=\u00a0\u00bbno\u00a0\u00bb item_padding=\u00a0\u00bb12% 12% 12% 12%\u00a0\u00bb item_padding_1024_1280=\u00a0\u00bb13.35% 12% 14.9% 12.3%\u00a0\u00bb item_padding_768_1024=\u00a0\u00bb11.35% 5% 14.9% 5.3%\u00a0\u00bb item_padding_600_768=\u00a0\u00bb10.35% 18% 10.9% 16.8%\u00a0\u00bb][vc_column_text] Assistance technique au d\u00e9veloppement d&rsquo;ar\u00f4me [\/vc_column_text][vc_empty_space][vc_column_text]Le d\u00e9veloppement d&rsquo;ar\u00f4mes est un proc\u00e9d\u00e9 relativement...\" \/>\n<meta property=\"og:url\" content=\"https:\/\/hilltech.ca\/fr\/assistance-technique-au-developpement-darome\/\" \/>\n<meta property=\"og:site_name\" content=\"Hilltech Canada\" \/>\n<meta property=\"article:modified_time\" content=\"2023-05-25T21:03:13+00:00\" \/>\n<meta name=\"twitter:card\" content=\"summary_large_image\" \/>\n<meta name=\"twitter:label1\" content=\"Dur\u00e9e de lecture estim\u00e9e\" \/>\n\t<meta name=\"twitter:data1\" content=\"1 minute\" \/>\n<script type=\"application\/ld+json\" class=\"yoast-schema-graph\">{\"@context\":\"https:\/\/schema.org\",\"@graph\":[{\"@type\":\"WebPage\",\"@id\":\"https:\/\/hilltech.ca\/fr\/assistance-technique-au-developpement-darome\/\",\"url\":\"https:\/\/hilltech.ca\/fr\/assistance-technique-au-developpement-darome\/\",\"name\":\"Assistance technique au d\u00e9veloppement d'ar\u00f4me - Hilltech Canada\",\"isPartOf\":{\"@id\":\"https:\/\/hilltech.ca\/#website\"},\"datePublished\":\"2023-04-04T20:40:04+00:00\",\"dateModified\":\"2023-05-25T21:03:13+00:00\",\"breadcrumb\":{\"@id\":\"https:\/\/hilltech.ca\/fr\/assistance-technique-au-developpement-darome\/#breadcrumb\"},\"inLanguage\":\"fr-FR\",\"potentialAction\":[{\"@type\":\"ReadAction\",\"target\":[\"https:\/\/hilltech.ca\/fr\/assistance-technique-au-developpement-darome\/\"]}]},{\"@type\":\"BreadcrumbList\",\"@id\":\"https:\/\/hilltech.ca\/fr\/assistance-technique-au-developpement-darome\/#breadcrumb\",\"itemListElement\":[{\"@type\":\"ListItem\",\"position\":1,\"name\":\"Accueil\",\"item\":\"https:\/\/hilltech.ca\/fr\/\"},{\"@type\":\"ListItem\",\"position\":2,\"name\":\"Assistance technique au d\u00e9veloppement d&#8217;ar\u00f4me\"}]},{\"@type\":\"WebSite\",\"@id\":\"https:\/\/hilltech.ca\/#website\",\"url\":\"https:\/\/hilltech.ca\/\",\"name\":\"Hilltech Canada\",\"description\":\"Essential oils, oleoresin and pure vanilla supplier\",\"publisher\":{\"@id\":\"https:\/\/hilltech.ca\/#organization\"},\"potentialAction\":[{\"@type\":\"SearchAction\",\"target\":{\"@type\":\"EntryPoint\",\"urlTemplate\":\"https:\/\/hilltech.ca\/?s={search_term_string}\"},\"query-input\":{\"@type\":\"PropertyValueSpecification\",\"valueRequired\":true,\"valueName\":\"search_term_string\"}}],\"inLanguage\":\"fr-FR\"},{\"@type\":\"Organization\",\"@id\":\"https:\/\/hilltech.ca\/#organization\",\"name\":\"Hilltech Canada\",\"url\":\"https:\/\/hilltech.ca\/\",\"logo\":{\"@type\":\"ImageObject\",\"inLanguage\":\"fr-FR\",\"@id\":\"https:\/\/hilltech.ca\/#\/schema\/logo\/image\/\",\"url\":\"https:\/\/hilltech.ca\/wp-content\/uploads\/2023\/04\/LOGO-2023-lr.jpg\",\"contentUrl\":\"https:\/\/hilltech.ca\/wp-content\/uploads\/2023\/04\/LOGO-2023-lr.jpg\",\"width\":600,\"height\":137,\"caption\":\"Hilltech Canada\"},\"image\":{\"@id\":\"https:\/\/hilltech.ca\/#\/schema\/logo\/image\/\"}}]}<\/script>\n<!-- \/ Yoast SEO plugin. -->","yoast_head_json":{"title":"Assistance technique au d\u00e9veloppement d'ar\u00f4me - Hilltech Canada","robots":{"index":"index","follow":"follow","max-snippet":"max-snippet:-1","max-image-preview":"max-image-preview:large","max-video-preview":"max-video-preview:-1"},"canonical":"https:\/\/hilltech.ca\/fr\/assistance-technique-au-developpement-darome\/","og_locale":"fr_FR","og_type":"article","og_title":"Assistance technique au d\u00e9veloppement d'ar\u00f4me - Hilltech Canada","og_description":"[vc_row css_animation=\u00a0\u00bb\u00a0\u00bb row_type=\u00a0\u00bbrow\u00a0\u00bb use_row_as_full_screen_section=\u00a0\u00bbno\u00a0\u00bb type=\u00a0\u00bbfull_width\u00a0\u00bb angled_section=\u00a0\u00bbno\u00a0\u00bb text_align=\u00a0\u00bbleft\u00a0\u00bb background_image_as_pattern=\u00a0\u00bbwithout_pattern\u00a0\u00bb][vc_column][vc_empty_space][\/vc_column][\/vc_row][vc_row css_animation=\u00a0\u00bb\u00a0\u00bb row_type=\u00a0\u00bbrow\u00a0\u00bb use_row_as_full_screen_section=\u00a0\u00bbno\u00a0\u00bb type=\u00a0\u00bbfull_width\u00a0\u00bb angled_section=\u00a0\u00bbno\u00a0\u00bb text_align=\u00a0\u00bbleft\u00a0\u00bb background_image_as_pattern=\u00a0\u00bbwithout_pattern\u00a0\u00bb][vc_column][qode_elements_holder number_of_columns=\u00a0\u00bbtwo_columns\u00a0\u00bb][qode_elements_holder_item advanced_animations=\u00a0\u00bbno\u00a0\u00bb item_padding=\u00a0\u00bb12% 12% 12% 12%\u00a0\u00bb item_padding_1024_1280=\u00a0\u00bb13.35% 12% 14.9% 12.3%\u00a0\u00bb item_padding_768_1024=\u00a0\u00bb11.35% 5% 14.9% 5.3%\u00a0\u00bb item_padding_600_768=\u00a0\u00bb10.35% 18% 10.9% 16.8%\u00a0\u00bb][vc_column_text] Assistance technique au d\u00e9veloppement d&rsquo;ar\u00f4me [\/vc_column_text][vc_empty_space][vc_column_text]Le d\u00e9veloppement d&rsquo;ar\u00f4mes est un proc\u00e9d\u00e9 relativement...","og_url":"https:\/\/hilltech.ca\/fr\/assistance-technique-au-developpement-darome\/","og_site_name":"Hilltech Canada","article_modified_time":"2023-05-25T21:03:13+00:00","twitter_card":"summary_large_image","twitter_misc":{"Dur\u00e9e de lecture estim\u00e9e":"1 minute"},"schema":{"@context":"https:\/\/schema.org","@graph":[{"@type":"WebPage","@id":"https:\/\/hilltech.ca\/fr\/assistance-technique-au-developpement-darome\/","url":"https:\/\/hilltech.ca\/fr\/assistance-technique-au-developpement-darome\/","name":"Assistance technique au d\u00e9veloppement d'ar\u00f4me - Hilltech Canada","isPartOf":{"@id":"https:\/\/hilltech.ca\/#website"},"datePublished":"2023-04-04T20:40:04+00:00","dateModified":"2023-05-25T21:03:13+00:00","breadcrumb":{"@id":"https:\/\/hilltech.ca\/fr\/assistance-technique-au-developpement-darome\/#breadcrumb"},"inLanguage":"fr-FR","potentialAction":[{"@type":"ReadAction","target":["https:\/\/hilltech.ca\/fr\/assistance-technique-au-developpement-darome\/"]}]},{"@type":"BreadcrumbList","@id":"https:\/\/hilltech.ca\/fr\/assistance-technique-au-developpement-darome\/#breadcrumb","itemListElement":[{"@type":"ListItem","position":1,"name":"Accueil","item":"https:\/\/hilltech.ca\/fr\/"},{"@type":"ListItem","position":2,"name":"Assistance technique au d\u00e9veloppement d&#8217;ar\u00f4me"}]},{"@type":"WebSite","@id":"https:\/\/hilltech.ca\/#website","url":"https:\/\/hilltech.ca\/","name":"Hilltech Canada","description":"Essential oils, oleoresin and pure vanilla supplier","publisher":{"@id":"https:\/\/hilltech.ca\/#organization"},"potentialAction":[{"@type":"SearchAction","target":{"@type":"EntryPoint","urlTemplate":"https:\/\/hilltech.ca\/?s={search_term_string}"},"query-input":{"@type":"PropertyValueSpecification","valueRequired":true,"valueName":"search_term_string"}}],"inLanguage":"fr-FR"},{"@type":"Organization","@id":"https:\/\/hilltech.ca\/#organization","name":"Hilltech Canada","url":"https:\/\/hilltech.ca\/","logo":{"@type":"ImageObject","inLanguage":"fr-FR","@id":"https:\/\/hilltech.ca\/#\/schema\/logo\/image\/","url":"https:\/\/hilltech.ca\/wp-content\/uploads\/2023\/04\/LOGO-2023-lr.jpg","contentUrl":"https:\/\/hilltech.ca\/wp-content\/uploads\/2023\/04\/LOGO-2023-lr.jpg","width":600,"height":137,"caption":"Hilltech Canada"},"image":{"@id":"https:\/\/hilltech.ca\/#\/schema\/logo\/image\/"}}]}},"_links":{"self":[{"href":"https:\/\/hilltech.ca\/fr\/wp-json\/wp\/v2\/pages\/581","targetHints":{"allow":["GET"]}}],"collection":[{"href":"https:\/\/hilltech.ca\/fr\/wp-json\/wp\/v2\/pages"}],"about":[{"href":"https:\/\/hilltech.ca\/fr\/wp-json\/wp\/v2\/types\/page"}],"author":[{"embeddable":true,"href":"https:\/\/hilltech.ca\/fr\/wp-json\/wp\/v2\/users\/1"}],"replies":[{"embeddable":true,"href":"https:\/\/hilltech.ca\/fr\/wp-json\/wp\/v2\/comments?post=581"}],"version-history":[{"count":3,"href":"https:\/\/hilltech.ca\/fr\/wp-json\/wp\/v2\/pages\/581\/revisions"}],"predecessor-version":[{"id":582,"href":"https:\/\/hilltech.ca\/fr\/wp-json\/wp\/v2\/pages\/581\/revisions\/582"}],"wp:attachment":[{"href":"https:\/\/hilltech.ca\/fr\/wp-json\/wp\/v2\/media?parent=581"}],"curies":[{"name":"wp","href":"https:\/\/api.w.org\/{rel}","templated":true}]}}