{"id":576,"date":"2023-04-04T20:24:10","date_gmt":"2023-04-04T20:24:10","guid":{"rendered":"https:\/\/hilltech.ca\/custom-flavor-formulation\/"},"modified":"2023-05-25T21:01:27","modified_gmt":"2023-05-25T21:01:27","slug":"conception-de-saveurs-personnalisees","status":"publish","type":"page","link":"https:\/\/hilltech.ca\/fr\/conception-de-saveurs-personnalisees\/","title":{"rendered":"Conception de saveurs personnalis\u00e9es"},"content":{"rendered":"<section class=\"wpb-content-wrapper\"><p>[vc_row css_animation=\u00a0\u00bb\u00a0\u00bb row_type=\u00a0\u00bbrow\u00a0\u00bb use_row_as_full_screen_section=\u00a0\u00bbno\u00a0\u00bb type=\u00a0\u00bbfull_width\u00a0\u00bb angled_section=\u00a0\u00bbno\u00a0\u00bb text_align=\u00a0\u00bbleft\u00a0\u00bb background_image_as_pattern=\u00a0\u00bbwithout_pattern\u00a0\u00bb][vc_column][vc_empty_space][\/vc_column][\/vc_row][vc_row css_animation=\u00a0\u00bb\u00a0\u00bb row_type=\u00a0\u00bbrow\u00a0\u00bb use_row_as_full_screen_section=\u00a0\u00bbno\u00a0\u00bb type=\u00a0\u00bbfull_width\u00a0\u00bb angled_section=\u00a0\u00bbno\u00a0\u00bb text_align=\u00a0\u00bbleft\u00a0\u00bb background_image_as_pattern=\u00a0\u00bbwithout_pattern\u00a0\u00bb][vc_column][qode_elements_holder number_of_columns=\u00a0\u00bbtwo_columns\u00a0\u00bb][qode_elements_holder_item advanced_animations=\u00a0\u00bbno\u00a0\u00bb item_padding=\u00a0\u00bb12% 12% 12% 12%\u00a0\u00bb item_padding_1024_1280=\u00a0\u00bb13.35% 12% 14.9% 12.3%\u00a0\u00bb item_padding_768_1024=\u00a0\u00bb11.35% 5% 14.9% 5.3%\u00a0\u00bb item_padding_600_768=\u00a0\u00bb10.35% 18% 10.9% 16.8%\u00a0\u00bb][vc_column_text]<\/p>\n<h1>Conception de saveurs personnalis\u00e9es<\/h1>\n<p>[\/vc_column_text][vc_empty_space][vc_column_text]Notre \u00e9quipe d&rsquo;experts accompagnent nos clients pour comprendre et aider \u00e0 concevoir l&rsquo;ar\u00f4me qu&rsquo;ils d\u00e9sirent. Ce partenariat, avec notre touche personnelle et notre attention, ajoute une v\u00e9ritable valeur et des impacts positifs. Les tendances actuelles du march\u00e9 des saveurs et ar\u00f4mes\u00a0 mettent l&rsquo;accent sur les alternatives naturelles, \u00e0 base de plantes, de proc\u00e9d\u00e9s \u00e9coresponsables et \u00e9cologiques, nos produits sont bien plac\u00e9s sur ce march\u00e9 pour r\u00e9pondre \u00e0 ces exigences.<\/p>\n<p>&nbsp;<\/p>\n<p>Les huiles essentielles et les ol\u00e9or\u00e9sines offrent des profils complexes distinctifs issus de la nature. Nos solutions aromatiques sont enti\u00e8rement personnalisables pour r\u00e9pondre \u00e0 vos besoins. Les extraits d&rsquo;\u00e9pices avec les huiles volatiles, les extraits naturels ou les ar\u00f4mes peuvent \u00eatre m\u00e9lang\u00e9s et modifi\u00e9s pour d\u00e9velopper l&rsquo;ar\u00f4me parfait pour votre application. Le caract\u00e8re unique de la saveur n&rsquo;a pas de limites. La polyvalence de ses applications peut \u00eatre utilis\u00e9e dans diverses industries: boulangeries, boissons, sans gluten, v\u00e9g\u00e9taliennes, confiseries, viandes, industries de la sant\u00e9 ou de l&rsquo;alimentation animale. Nos laboratoires, nos professionnels des ar\u00f4mes et notre personnel de transformation sont disponibles pour fabriquer des ar\u00f4mes personnalis\u00e9s.<\/p>\n<p>&nbsp;<\/p>\n<p>Hilltech a cr\u00e9\u00e9 des relations de longue date avec des fournisseurs de vanille brute de qualit\u00e9. Nous pouvons d\u00e9velopper une formule pour optimiser la concentration de son application ou cr\u00e9er une formule unique pour un projet sp\u00e9cifique.[\/vc_column_text][\/qode_elements_holder_item][qode_elements_holder_item advanced_animations=\u00a0\u00bbno\u00a0\u00bb item_padding=\u00a0\u00bb0% 0% 0% 0%\u00a0\u00bb item_padding_1024_1280=\u00a0\u00bb0% 0% 0% 0%\u00a0\u00bb item_padding_768_1024=\u00a0\u00bb5% 5% 5% 5%\u00a0\u00bb][vc_single_image image=\u00a0\u00bb364&Prime; img_size=\u00a0\u00bbfull\u00a0\u00bb qode_css_animation=\u00a0\u00bb\u00a0\u00bb][\/qode_elements_holder_item][\/qode_elements_holder][\/vc_column][\/vc_row][vc_row css_animation=\u00a0\u00bb\u00a0\u00bb row_type=\u00a0\u00bbrow\u00a0\u00bb use_row_as_full_screen_section=\u00a0\u00bbno\u00a0\u00bb type=\u00a0\u00bbgrid\u00a0\u00bb angled_section=\u00a0\u00bbno\u00a0\u00bb text_align=\u00a0\u00bbleft\u00a0\u00bb background_image_as_pattern=\u00a0\u00bbwithout_pattern\u00a0\u00bb anchor=\u00a0\u00bbstory\u00a0\u00bb css=\u00a0\u00bb.vc_custom_1678314023706{padding-top: 50px !important;}\u00a0\u00bb z_index=\u00a0\u00bb\u00a0\u00bb][vc_column][vc_widget_sidebar sidebar_id=\u00a0\u00bbNos produits\u00a0\u00bb][\/vc_column][\/vc_row]<\/p>\n<\/section>","protected":false},"excerpt":{"rendered":"<p>[vc_row css_animation=\u00a0\u00bb\u00a0\u00bb row_type=\u00a0\u00bbrow\u00a0\u00bb use_row_as_full_screen_section=\u00a0\u00bbno\u00a0\u00bb type=\u00a0\u00bbfull_width\u00a0\u00bb angled_section=\u00a0\u00bbno\u00a0\u00bb text_align=\u00a0\u00bbleft\u00a0\u00bb background_image_as_pattern=\u00a0\u00bbwithout_pattern\u00a0\u00bb][vc_column][vc_empty_space][\/vc_column][\/vc_row][vc_row css_animation=\u00a0\u00bb\u00a0\u00bb row_type=\u00a0\u00bbrow\u00a0\u00bb use_row_as_full_screen_section=\u00a0\u00bbno\u00a0\u00bb type=\u00a0\u00bbfull_width\u00a0\u00bb angled_section=\u00a0\u00bbno\u00a0\u00bb text_align=\u00a0\u00bbleft\u00a0\u00bb background_image_as_pattern=\u00a0\u00bbwithout_pattern\u00a0\u00bb][vc_column][qode_elements_holder number_of_columns=\u00a0\u00bbtwo_columns\u00a0\u00bb][qode_elements_holder_item advanced_animations=\u00a0\u00bbno\u00a0\u00bb item_padding=\u00a0\u00bb12% 12% 12% 12%\u00a0\u00bb item_padding_1024_1280=\u00a0\u00bb13.35% 12% 14.9% 12.3%\u00a0\u00bb item_padding_768_1024=\u00a0\u00bb11.35% 5% 14.9% 5.3%\u00a0\u00bb item_padding_600_768=\u00a0\u00bb10.35% 18% 10.9% 16.8%\u00a0\u00bb][vc_column_text] Conception de saveurs personnalis\u00e9es [\/vc_column_text][vc_empty_space][vc_column_text]Notre \u00e9quipe d&rsquo;experts accompagnent nos clients pour comprendre&#8230;<\/p>\n","protected":false},"author":1,"featured_media":0,"parent":0,"menu_order":0,"comment_status":"closed","ping_status":"closed","template":"full_width.php","meta":{"footnotes":""},"class_list":["post-576","page","type-page","status-publish","hentry"],"yoast_head":"<!-- This site is optimized with the Yoast SEO plugin v23.9 - https:\/\/yoast.com\/wordpress\/plugins\/seo\/ -->\n<title>Conception de saveurs personnalis\u00e9es - Hilltech Canada<\/title>\n<meta name=\"robots\" content=\"index, follow, max-snippet:-1, max-image-preview:large, max-video-preview:-1\" \/>\n<link rel=\"canonical\" href=\"https:\/\/hilltech.ca\/fr\/conception-de-saveurs-personnalisees\/\" \/>\n<meta property=\"og:locale\" content=\"fr_FR\" \/>\n<meta property=\"og:type\" content=\"article\" \/>\n<meta property=\"og:title\" content=\"Conception de saveurs personnalis\u00e9es - Hilltech Canada\" \/>\n<meta property=\"og:description\" content=\"[vc_row css_animation=\u00a0\u00bb\u00a0\u00bb row_type=\u00a0\u00bbrow\u00a0\u00bb use_row_as_full_screen_section=\u00a0\u00bbno\u00a0\u00bb type=\u00a0\u00bbfull_width\u00a0\u00bb angled_section=\u00a0\u00bbno\u00a0\u00bb text_align=\u00a0\u00bbleft\u00a0\u00bb background_image_as_pattern=\u00a0\u00bbwithout_pattern\u00a0\u00bb][vc_column][vc_empty_space][\/vc_column][\/vc_row][vc_row css_animation=\u00a0\u00bb\u00a0\u00bb row_type=\u00a0\u00bbrow\u00a0\u00bb use_row_as_full_screen_section=\u00a0\u00bbno\u00a0\u00bb type=\u00a0\u00bbfull_width\u00a0\u00bb angled_section=\u00a0\u00bbno\u00a0\u00bb text_align=\u00a0\u00bbleft\u00a0\u00bb background_image_as_pattern=\u00a0\u00bbwithout_pattern\u00a0\u00bb][vc_column][qode_elements_holder number_of_columns=\u00a0\u00bbtwo_columns\u00a0\u00bb][qode_elements_holder_item advanced_animations=\u00a0\u00bbno\u00a0\u00bb item_padding=\u00a0\u00bb12% 12% 12% 12%\u00a0\u00bb item_padding_1024_1280=\u00a0\u00bb13.35% 12% 14.9% 12.3%\u00a0\u00bb item_padding_768_1024=\u00a0\u00bb11.35% 5% 14.9% 5.3%\u00a0\u00bb item_padding_600_768=\u00a0\u00bb10.35% 18% 10.9% 16.8%\u00a0\u00bb][vc_column_text] Conception de saveurs personnalis\u00e9es [\/vc_column_text][vc_empty_space][vc_column_text]Notre \u00e9quipe d&rsquo;experts accompagnent nos clients pour comprendre...\" \/>\n<meta property=\"og:url\" content=\"https:\/\/hilltech.ca\/fr\/conception-de-saveurs-personnalisees\/\" \/>\n<meta property=\"og:site_name\" content=\"Hilltech Canada\" \/>\n<meta property=\"article:modified_time\" content=\"2023-05-25T21:01:27+00:00\" \/>\n<meta name=\"twitter:card\" content=\"summary_large_image\" \/>\n<meta name=\"twitter:label1\" content=\"Dur\u00e9e de lecture estim\u00e9e\" \/>\n\t<meta name=\"twitter:data1\" content=\"2 minutes\" \/>\n<script type=\"application\/ld+json\" class=\"yoast-schema-graph\">{\"@context\":\"https:\/\/schema.org\",\"@graph\":[{\"@type\":\"WebPage\",\"@id\":\"https:\/\/hilltech.ca\/fr\/conception-de-saveurs-personnalisees\/\",\"url\":\"https:\/\/hilltech.ca\/fr\/conception-de-saveurs-personnalisees\/\",\"name\":\"Conception de saveurs personnalis\u00e9es - Hilltech Canada\",\"isPartOf\":{\"@id\":\"https:\/\/hilltech.ca\/#website\"},\"datePublished\":\"2023-04-04T20:24:10+00:00\",\"dateModified\":\"2023-05-25T21:01:27+00:00\",\"breadcrumb\":{\"@id\":\"https:\/\/hilltech.ca\/fr\/conception-de-saveurs-personnalisees\/#breadcrumb\"},\"inLanguage\":\"fr-FR\",\"potentialAction\":[{\"@type\":\"ReadAction\",\"target\":[\"https:\/\/hilltech.ca\/fr\/conception-de-saveurs-personnalisees\/\"]}]},{\"@type\":\"BreadcrumbList\",\"@id\":\"https:\/\/hilltech.ca\/fr\/conception-de-saveurs-personnalisees\/#breadcrumb\",\"itemListElement\":[{\"@type\":\"ListItem\",\"position\":1,\"name\":\"Accueil\",\"item\":\"https:\/\/hilltech.ca\/fr\/\"},{\"@type\":\"ListItem\",\"position\":2,\"name\":\"Conception de saveurs personnalis\u00e9es\"}]},{\"@type\":\"WebSite\",\"@id\":\"https:\/\/hilltech.ca\/#website\",\"url\":\"https:\/\/hilltech.ca\/\",\"name\":\"Hilltech Canada\",\"description\":\"Essential oils, oleoresin and pure vanilla supplier\",\"publisher\":{\"@id\":\"https:\/\/hilltech.ca\/#organization\"},\"potentialAction\":[{\"@type\":\"SearchAction\",\"target\":{\"@type\":\"EntryPoint\",\"urlTemplate\":\"https:\/\/hilltech.ca\/?s={search_term_string}\"},\"query-input\":{\"@type\":\"PropertyValueSpecification\",\"valueRequired\":true,\"valueName\":\"search_term_string\"}}],\"inLanguage\":\"fr-FR\"},{\"@type\":\"Organization\",\"@id\":\"https:\/\/hilltech.ca\/#organization\",\"name\":\"Hilltech Canada\",\"url\":\"https:\/\/hilltech.ca\/\",\"logo\":{\"@type\":\"ImageObject\",\"inLanguage\":\"fr-FR\",\"@id\":\"https:\/\/hilltech.ca\/#\/schema\/logo\/image\/\",\"url\":\"https:\/\/hilltech.ca\/wp-content\/uploads\/2023\/04\/LOGO-2023-lr.jpg\",\"contentUrl\":\"https:\/\/hilltech.ca\/wp-content\/uploads\/2023\/04\/LOGO-2023-lr.jpg\",\"width\":600,\"height\":137,\"caption\":\"Hilltech Canada\"},\"image\":{\"@id\":\"https:\/\/hilltech.ca\/#\/schema\/logo\/image\/\"}}]}<\/script>\n<!-- \/ Yoast SEO plugin. -->","yoast_head_json":{"title":"Conception de saveurs personnalis\u00e9es - Hilltech Canada","robots":{"index":"index","follow":"follow","max-snippet":"max-snippet:-1","max-image-preview":"max-image-preview:large","max-video-preview":"max-video-preview:-1"},"canonical":"https:\/\/hilltech.ca\/fr\/conception-de-saveurs-personnalisees\/","og_locale":"fr_FR","og_type":"article","og_title":"Conception de saveurs personnalis\u00e9es - Hilltech Canada","og_description":"[vc_row css_animation=\u00a0\u00bb\u00a0\u00bb row_type=\u00a0\u00bbrow\u00a0\u00bb use_row_as_full_screen_section=\u00a0\u00bbno\u00a0\u00bb type=\u00a0\u00bbfull_width\u00a0\u00bb angled_section=\u00a0\u00bbno\u00a0\u00bb text_align=\u00a0\u00bbleft\u00a0\u00bb background_image_as_pattern=\u00a0\u00bbwithout_pattern\u00a0\u00bb][vc_column][vc_empty_space][\/vc_column][\/vc_row][vc_row css_animation=\u00a0\u00bb\u00a0\u00bb row_type=\u00a0\u00bbrow\u00a0\u00bb use_row_as_full_screen_section=\u00a0\u00bbno\u00a0\u00bb type=\u00a0\u00bbfull_width\u00a0\u00bb angled_section=\u00a0\u00bbno\u00a0\u00bb text_align=\u00a0\u00bbleft\u00a0\u00bb background_image_as_pattern=\u00a0\u00bbwithout_pattern\u00a0\u00bb][vc_column][qode_elements_holder number_of_columns=\u00a0\u00bbtwo_columns\u00a0\u00bb][qode_elements_holder_item advanced_animations=\u00a0\u00bbno\u00a0\u00bb item_padding=\u00a0\u00bb12% 12% 12% 12%\u00a0\u00bb item_padding_1024_1280=\u00a0\u00bb13.35% 12% 14.9% 12.3%\u00a0\u00bb item_padding_768_1024=\u00a0\u00bb11.35% 5% 14.9% 5.3%\u00a0\u00bb item_padding_600_768=\u00a0\u00bb10.35% 18% 10.9% 16.8%\u00a0\u00bb][vc_column_text] Conception de saveurs personnalis\u00e9es [\/vc_column_text][vc_empty_space][vc_column_text]Notre \u00e9quipe d&rsquo;experts accompagnent nos clients pour comprendre...","og_url":"https:\/\/hilltech.ca\/fr\/conception-de-saveurs-personnalisees\/","og_site_name":"Hilltech Canada","article_modified_time":"2023-05-25T21:01:27+00:00","twitter_card":"summary_large_image","twitter_misc":{"Dur\u00e9e de lecture estim\u00e9e":"2 minutes"},"schema":{"@context":"https:\/\/schema.org","@graph":[{"@type":"WebPage","@id":"https:\/\/hilltech.ca\/fr\/conception-de-saveurs-personnalisees\/","url":"https:\/\/hilltech.ca\/fr\/conception-de-saveurs-personnalisees\/","name":"Conception de saveurs personnalis\u00e9es - Hilltech Canada","isPartOf":{"@id":"https:\/\/hilltech.ca\/#website"},"datePublished":"2023-04-04T20:24:10+00:00","dateModified":"2023-05-25T21:01:27+00:00","breadcrumb":{"@id":"https:\/\/hilltech.ca\/fr\/conception-de-saveurs-personnalisees\/#breadcrumb"},"inLanguage":"fr-FR","potentialAction":[{"@type":"ReadAction","target":["https:\/\/hilltech.ca\/fr\/conception-de-saveurs-personnalisees\/"]}]},{"@type":"BreadcrumbList","@id":"https:\/\/hilltech.ca\/fr\/conception-de-saveurs-personnalisees\/#breadcrumb","itemListElement":[{"@type":"ListItem","position":1,"name":"Accueil","item":"https:\/\/hilltech.ca\/fr\/"},{"@type":"ListItem","position":2,"name":"Conception de saveurs personnalis\u00e9es"}]},{"@type":"WebSite","@id":"https:\/\/hilltech.ca\/#website","url":"https:\/\/hilltech.ca\/","name":"Hilltech Canada","description":"Essential oils, oleoresin and pure vanilla supplier","publisher":{"@id":"https:\/\/hilltech.ca\/#organization"},"potentialAction":[{"@type":"SearchAction","target":{"@type":"EntryPoint","urlTemplate":"https:\/\/hilltech.ca\/?s={search_term_string}"},"query-input":{"@type":"PropertyValueSpecification","valueRequired":true,"valueName":"search_term_string"}}],"inLanguage":"fr-FR"},{"@type":"Organization","@id":"https:\/\/hilltech.ca\/#organization","name":"Hilltech Canada","url":"https:\/\/hilltech.ca\/","logo":{"@type":"ImageObject","inLanguage":"fr-FR","@id":"https:\/\/hilltech.ca\/#\/schema\/logo\/image\/","url":"https:\/\/hilltech.ca\/wp-content\/uploads\/2023\/04\/LOGO-2023-lr.jpg","contentUrl":"https:\/\/hilltech.ca\/wp-content\/uploads\/2023\/04\/LOGO-2023-lr.jpg","width":600,"height":137,"caption":"Hilltech Canada"},"image":{"@id":"https:\/\/hilltech.ca\/#\/schema\/logo\/image\/"}}]}},"_links":{"self":[{"href":"https:\/\/hilltech.ca\/fr\/wp-json\/wp\/v2\/pages\/576","targetHints":{"allow":["GET"]}}],"collection":[{"href":"https:\/\/hilltech.ca\/fr\/wp-json\/wp\/v2\/pages"}],"about":[{"href":"https:\/\/hilltech.ca\/fr\/wp-json\/wp\/v2\/types\/page"}],"author":[{"embeddable":true,"href":"https:\/\/hilltech.ca\/fr\/wp-json\/wp\/v2\/users\/1"}],"replies":[{"embeddable":true,"href":"https:\/\/hilltech.ca\/fr\/wp-json\/wp\/v2\/comments?post=576"}],"version-history":[{"count":3,"href":"https:\/\/hilltech.ca\/fr\/wp-json\/wp\/v2\/pages\/576\/revisions"}],"predecessor-version":[{"id":577,"href":"https:\/\/hilltech.ca\/fr\/wp-json\/wp\/v2\/pages\/576\/revisions\/577"}],"wp:attachment":[{"href":"https:\/\/hilltech.ca\/fr\/wp-json\/wp\/v2\/media?parent=576"}],"curies":[{"name":"wp","href":"https:\/\/api.w.org\/{rel}","templated":true}]}}